{"id":1280,"date":"2024-01-17T22:09:48","date_gmt":"2024-01-17T21:09:48","guid":{"rendered":"https:\/\/sovistourecuador.com\/?page_id=1280"},"modified":"2025-07-30T23:21:11","modified_gmt":"2025-07-30T21:21:11","slug":"destinos-internacionales","status":"publish","type":"page","link":"https:\/\/sovistourecuador.com\/en\/destinos-internacionales\/","title":{"rendered":"International Destinations"},"content":{"rendered":"<div data-elementor-type=\"wp-page\" data-elementor-id=\"1280\" class=\"elementor elementor-1280\" data-elementor-post-type=\"page\">\n\t\t\t\t<div data-particle_enable=\"false\" data-particle-mobile-disabled=\"false\" class=\"elementor-element elementor-element-fc4120c e-flex e-con-boxed elementor-invisible e-con e-parent\" data-id=\"fc4120c\" data-element_type=\"container\" data-e-type=\"container\" data-settings=\"{&quot;animation&quot;:&quot;fadeInDown&quot;}\">\n\t\t\t\t\t<div class=\"e-con-inner\">\n\t\t\t\t<div class=\"elementor-element elementor-element-4e3219a elementor-widget elementor-widget-heading\" data-id=\"4e3219a\" data-element_type=\"widget\" data-e-type=\"widget\" data-widget_type=\"heading.default\">\n\t\t\t\t<div class=\"elementor-widget-container\">\n\t\t\t\t\t<h2 class=\"elementor-heading-title elementor-size-default\">International Destinations<\/h2>\t\t\t\t<\/div>\n\t\t\t\t<\/div>\n\t\t\t\t\t<\/div>\n\t\t\t\t<\/div>\n\t\t<div data-particle_enable=\"false\" data-particle-mobile-disabled=\"false\" class=\"elementor-element elementor-element-5038e16 e-flex e-con-boxed elementor-invisible e-con e-parent\" data-id=\"5038e16\" data-element_type=\"container\" data-e-type=\"container\" data-settings=\"{&quot;animation&quot;:&quot;fadeInLeft&quot;}\">\n\t\t\t\t\t<div class=\"e-con-inner\">\n\t\t<div data-particle_enable=\"false\" data-particle-mobile-disabled=\"false\" class=\"elementor-element elementor-element-a33adf3 e-con-full e-flex e-con e-child\" data-id=\"a33adf3\" data-element_type=\"container\" data-e-type=\"container\">\n\t\t\t\t<div class=\"elementor-element elementor-element-264752d elementor-widget elementor-widget-image\" data-id=\"264752d\" data-element_type=\"widget\" data-e-type=\"widget\" data-widget_type=\"image.default\">\n\t\t\t\t<div class=\"elementor-widget-container\">\n\t\t\t\t\t\t\t\t\t\t\t\t\t\t\t<img fetchpriority=\"high\" decoding=\"async\" width=\"850\" height=\"567\" src=\"https:\/\/sovistourecuador.com\/wp-content\/uploads\/2024\/01\/crucerosPortada-1024x683.jpeg\" class=\"attachment-large size-large wp-image-1368\" alt=\"\" srcset=\"https:\/\/sovistourecuador.com\/wp-content\/uploads\/2024\/01\/crucerosPortada-1024x683.jpeg 1024w, https:\/\/sovistourecuador.com\/wp-content\/uploads\/2024\/01\/crucerosPortada-300x200.jpeg 300w, https:\/\/sovistourecuador.com\/wp-content\/uploads\/2024\/01\/crucerosPortada-768x512.jpeg 768w, https:\/\/sovistourecuador.com\/wp-content\/uploads\/2024\/01\/crucerosPortada-1536x1024.jpeg 1536w, https:\/\/sovistourecuador.com\/wp-content\/uploads\/2024\/01\/crucerosPortada-2048x1366.jpeg 2048w\" sizes=\"(max-width: 850px) 100vw, 850px\" \/>\t\t\t\t\t\t\t\t\t\t\t\t\t\t\t<\/div>\n\t\t\t\t<\/div>\n\t\t\t\t<\/div>\n\t\t<div data-particle_enable=\"false\" data-particle-mobile-disabled=\"false\" class=\"elementor-element elementor-element-4bd1bd7 e-con-full e-flex e-con e-child\" data-id=\"4bd1bd7\" data-element_type=\"container\" data-e-type=\"container\">\n\t\t\t\t<div class=\"elementor-element elementor-element-c2d7b4a content-align-cta-center elementor-widget elementor-widget-eael-cta-box\" data-id=\"c2d7b4a\" data-element_type=\"widget\" data-e-type=\"widget\" data-widget_type=\"eael-cta-box.default\">\n\t\t\t\t<div class=\"elementor-widget-container\">\n\t\t\t\t\t\t\t<div class=\"eael-call-to-action cta-basic bg-lite cta-preset-1\">\n        <div class=\"vc_row wpb_row vc_row-fluid wpb_animate_when_almost_visible wpb_fadeInUp fadeInUp vc_row-o-content-middle vc_row-flex wpb_start_animation animated\"><div class=\"wpb_column vc_column_container vc_col-sm-6\"><div class=\"vc_column-inner\"><div class=\"wpb_wrapper\"><div class=\"wpb_text_column wpb_content_element wpb_animate_when_almost_visible wpb_fadeIn fadeIn wpb_start_animation animated\"><div class=\"wpb_wrapper\"><p>A pleasure boat trip that lasts several days or weeks in which you make stops at various ports around the world, embark on a great adventure, in which you can discover unknown corners letting yourself be carried away by the blue of the sky and the vastness of the sea, going on a cruise is dreaming and we are willing to make your dream come true, that is why we recommend that you trust us to promote the best routes.<\/p><\/div><\/div><\/div><\/div><\/div><\/div><a href=\"https:\/\/sovistourecuador.com\/en\/cruceros\/\" class=\"cta-button cta-preset-1  effect-1\">More information<\/a>\t<\/div>\n\t\t\t\t\t\t\t\t<\/div>\n\t\t\t\t<\/div>\n\t\t\t\t<\/div>\n\t\t\t\t\t<\/div>\n\t\t\t\t<\/div>\n\t\t<div data-particle_enable=\"false\" data-particle-mobile-disabled=\"false\" class=\"elementor-element elementor-element-395d994 e-flex e-con-boxed elementor-invisible e-con e-parent\" data-id=\"395d994\" data-element_type=\"container\" data-e-type=\"container\" data-settings=\"{&quot;animation&quot;:&quot;fadeInRight&quot;}\">\n\t\t\t\t\t<div class=\"e-con-inner\">\n\t\t<div data-particle_enable=\"false\" data-particle-mobile-disabled=\"false\" class=\"elementor-element elementor-element-5cc90a6 e-con-full e-flex e-con e-child\" data-id=\"5cc90a6\" data-element_type=\"container\" data-e-type=\"container\">\n\t\t\t\t<div class=\"elementor-element elementor-element-cb9b043 content-align-cta-center elementor-widget elementor-widget-eael-cta-box\" data-id=\"cb9b043\" data-element_type=\"widget\" data-e-type=\"widget\" data-widget_type=\"eael-cta-box.default\">\n\t\t\t\t<div class=\"elementor-widget-container\">\n\t\t\t\t\t\t\t<div class=\"eael-call-to-action cta-basic bg-lite cta-preset-1\">\n        <p>Are you and your partner planning and organizing your honeymoon trip? With us, you can forget about all the paperwork. We offer the best packages tailored specifically for you and your partner, destinations where you can travel with experts who will guarantee the best experience on such a special date. You can stay for several days or weeks, make stops in various beautiful romantic places around the world, and go on sightseeing tours. We provide all the assistance you need with quality and guarantees to make this event unforgettable, because this moment never comes again.<\/p><a href=\"https:\/\/sovistourecuador.com\/en\/parejas\/\" class=\"cta-button cta-preset-1  effect-1\">See our offer<\/a>\t<\/div>\n\t\t\t\t\t\t\t\t<\/div>\n\t\t\t\t<\/div>\n\t\t\t\t<\/div>\n\t\t<div data-particle_enable=\"false\" data-particle-mobile-disabled=\"false\" class=\"elementor-element elementor-element-e59d7bf e-con-full e-flex e-con e-child\" data-id=\"e59d7bf\" data-element_type=\"container\" data-e-type=\"container\">\n\t\t\t\t<div class=\"elementor-element elementor-element-8a83f0a elementor-widget elementor-widget-image\" data-id=\"8a83f0a\" data-element_type=\"widget\" data-e-type=\"widget\" data-widget_type=\"image.default\">\n\t\t\t\t<div class=\"elementor-widget-container\">\n\t\t\t\t\t\t\t\t\t\t\t\t\t\t\t<img decoding=\"async\" width=\"850\" height=\"567\" src=\"https:\/\/sovistourecuador.com\/wp-content\/uploads\/2024\/01\/parejasPortada-1024x683.jpeg\" class=\"attachment-large size-large wp-image-1367\" alt=\"\" srcset=\"https:\/\/sovistourecuador.com\/wp-content\/uploads\/2024\/01\/parejasPortada-1024x683.jpeg 1024w, https:\/\/sovistourecuador.com\/wp-content\/uploads\/2024\/01\/parejasPortada-300x200.jpeg 300w, https:\/\/sovistourecuador.com\/wp-content\/uploads\/2024\/01\/parejasPortada-768x512.jpeg 768w, https:\/\/sovistourecuador.com\/wp-content\/uploads\/2024\/01\/parejasPortada-1536x1024.jpeg 1536w, https:\/\/sovistourecuador.com\/wp-content\/uploads\/2024\/01\/parejasPortada-2048x1366.jpeg 2048w\" sizes=\"(max-width: 850px) 100vw, 850px\" \/>\t\t\t\t\t\t\t\t\t\t\t\t\t\t\t<\/div>\n\t\t\t\t<\/div>\n\t\t\t\t<\/div>\n\t\t\t\t\t<\/div>\n\t\t\t\t<\/div>\n\t\t<div data-particle_enable=\"false\" data-particle-mobile-disabled=\"false\" class=\"elementor-element elementor-element-35be813 e-flex e-con-boxed elementor-invisible e-con e-parent\" data-id=\"35be813\" data-element_type=\"container\" data-e-type=\"container\" data-settings=\"{&quot;animation&quot;:&quot;fadeInLeft&quot;}\">\n\t\t\t\t\t<div class=\"e-con-inner\">\n\t\t<div data-particle_enable=\"false\" data-particle-mobile-disabled=\"false\" class=\"elementor-element elementor-element-f126d74 e-con-full e-flex e-con e-child\" data-id=\"f126d74\" data-element_type=\"container\" data-e-type=\"container\">\n\t\t\t\t<div class=\"elementor-element elementor-element-297043d elementor-widget elementor-widget-image\" data-id=\"297043d\" data-element_type=\"widget\" data-e-type=\"widget\" data-widget_type=\"image.default\">\n\t\t\t\t<div class=\"elementor-widget-container\">\n\t\t\t\t\t\t\t\t\t\t\t\t\t\t\t<img decoding=\"async\" width=\"850\" height=\"567\" src=\"https:\/\/sovistourecuador.com\/wp-content\/uploads\/2024\/01\/programasPortada-1024x683.jpeg\" class=\"attachment-large size-large wp-image-1369\" alt=\"\" srcset=\"https:\/\/sovistourecuador.com\/wp-content\/uploads\/2024\/01\/programasPortada-1024x683.jpeg 1024w, https:\/\/sovistourecuador.com\/wp-content\/uploads\/2024\/01\/programasPortada-300x200.jpeg 300w, https:\/\/sovistourecuador.com\/wp-content\/uploads\/2024\/01\/programasPortada-768x512.jpeg 768w, https:\/\/sovistourecuador.com\/wp-content\/uploads\/2024\/01\/programasPortada-1536x1024.jpeg 1536w, https:\/\/sovistourecuador.com\/wp-content\/uploads\/2024\/01\/programasPortada-2048x1366.jpeg 2048w\" sizes=\"(max-width: 850px) 100vw, 850px\" \/>\t\t\t\t\t\t\t\t\t\t\t\t\t\t\t<\/div>\n\t\t\t\t<\/div>\n\t\t\t\t<\/div>\n\t\t<div data-particle_enable=\"false\" data-particle-mobile-disabled=\"false\" class=\"elementor-element elementor-element-8f8e60a e-con-full e-flex e-con e-child\" data-id=\"8f8e60a\" data-element_type=\"container\" data-e-type=\"container\">\n\t\t\t\t<div class=\"elementor-element elementor-element-50ea777 content-align-cta-center elementor-widget elementor-widget-eael-cta-box\" data-id=\"50ea777\" data-element_type=\"widget\" data-e-type=\"widget\" data-widget_type=\"eael-cta-box.default\">\n\t\t\t\t<div class=\"elementor-widget-container\">\n\t\t\t\t\t\t\t<div class=\"eael-call-to-action cta-basic bg-lite cta-preset-1\">\n        <div class=\"vc_row wpb_row vc_row-fluid wpb_animate_when_almost_visible wpb_fadeInUp fadeInUp vc_row-o-content-middle vc_row-flex wpb_start_animation animated\"><div class=\"wpb_column vc_column_container vc_col-sm-6\"><div class=\"vc_column-inner\"><div class=\"wpb_wrapper\"><div class=\"wpb_text_column wpb_content_element wpb_animate_when_almost_visible wpb_fadeInUp fadeInUp wpb_start_animation animated\"><div class=\"wpb_wrapper\"><p>Are you planning or planning to go exploring the world? We'll help you by showing you the best, guaranteed vacation packages that fit your budget, so you can enjoy everything you want. Don't forget that we have the lowest prices so you'll always choose us for optimal service. With our help, your travel planning program will be the best.<\/p><\/div><\/div><\/div><\/div><\/div><\/div><div class=\"vc_row wpb_row vc_row-fluid vc_custom_1545855440579\"><div class=\"wpb_column vc_column_container vc_col-sm-12\"><div class=\"vc_column-inner\"><div class=\"wpb_wrapper\">\u00a0<\/div><\/div><\/div><\/div><a href=\"https:\/\/sovistourecuador.com\/en\/programas\/\" class=\"cta-button cta-preset-1  effect-1\">See our offer<\/a>\t<\/div>\n\t\t\t\t\t\t\t\t<\/div>\n\t\t\t\t<\/div>\n\t\t\t\t<\/div>\n\t\t\t\t\t<\/div>\n\t\t\t\t<\/div>\n\t\t<div data-particle_enable=\"false\" data-particle-mobile-disabled=\"false\" class=\"elementor-element elementor-element-d4d426d e-con-full banner e-flex e-con e-parent\" data-id=\"d4d426d\" data-element_type=\"container\" data-e-type=\"container\" data-settings=\"{&quot;background_background&quot;:&quot;classic&quot;}\">\n\t\t\t\t<div class=\"elementor-element elementor-element-054cc0b elementor-widget elementor-widget-heading\" data-id=\"054cc0b\" data-element_type=\"widget\" data-e-type=\"widget\" data-widget_type=\"heading.default\">\n\t\t\t\t<div class=\"elementor-widget-container\">\n\t\t\t\t\t<h2 class=\"elementor-heading-title elementor-size-default\">Our destination is never a place, but a new way of seeing things.<\/h2>\t\t\t\t<\/div>\n\t\t\t\t<\/div>\n\t\t\t\t<\/div>\n\t\t\t\t\t<script>\n\t\t\t\t(function($) {\n                    \"use strict\";\n\n                    var target = $('.elementor-element-d4d426d');\n                    target.addClass('e-lazyloaded');\n\n                    \n                    var EaelParallaxElement = {\n\n\t\t\t\t\t\tinit: function() {\n\t\t\t\t\t\t\telementorFrontend.hooks.addAction('frontend\/element_ready\/global', EaelParallaxElement.initWidget);\n\t\t\t\t\t\t},\n                        responsiveParallax: function(){\n                            var android = 1,\n                                ios = 1;\n                            switch( true || 1 ){\n                                case android && ios:\n                                    return \/iPad|iPhone|iPod|Android\/;\n                                    break;\n                                case android && ! ios:\n                                    return \/Android\/;\n                                    break;\n                                case ! android && ios:\n                                    return \/iPad|iPhone|iPod\/;\n                                    break;\n                                case ( ! android && ! ios ):\n                                    return null;\n                            }\n                        },\n\t\t\t\t\t\tinitWidget: function( $scope ) {\n\n\t\t\t\t\t\t\ttarget.jarallax({\n\t\t\t\t\t\t\t\ttype: 'scroll-opacity',\n\t\t\t\t\t\t\t\tspeed: 0.1,\n\t\t\t\t\t\t\t\tkeepImg: true,\n                                disableParallax: EaelParallaxElement.responsiveParallax(),\n\t\t\t\t\t\t\t});\n\t\t\t\t\t\t}\n\n\t\t\t\t\t};\n\n\t\t\t\t\t$( window ).on('elementor\/frontend\/init', EaelParallaxElement.init);\n\n                    \t\t\t\t}( jQuery ) );\n\t\t\t<\/script>\n\t\t\t\t<\/div>","protected":false},"excerpt":{"rendered":"<p>Destinos Internacionales Un viaje de placer en barco que dura varios d\u00edas o semanas en los que realizas escalas en diversos\u00a0 puertos del mundo entero, emb\u00e1rcate en una gran aventura, en la que puedes conocer rincones desconocidos dej\u00e1ndote llevar del azul del cielo y lo extenso del mar, ir en un crucero es so\u00f1ar y [&hellip;]<\/p>\n","protected":false},"author":1,"featured_media":0,"parent":0,"menu_order":0,"comment_status":"closed","ping_status":"closed","template":"","meta":{"footnotes":""},"class_list":["post-1280","page","type-page","status-publish","hentry"],"_links":{"self":[{"href":"https:\/\/sovistourecuador.com\/en\/wp-json\/wp\/v2\/pages\/1280","targetHints":{"allow":["GET"]}}],"collection":[{"href":"https:\/\/sovistourecuador.com\/en\/wp-json\/wp\/v2\/pages"}],"about":[{"href":"https:\/\/sovistourecuador.com\/en\/wp-json\/wp\/v2\/types\/page"}],"author":[{"embeddable":true,"href":"https:\/\/sovistourecuador.com\/en\/wp-json\/wp\/v2\/users\/1"}],"replies":[{"embeddable":true,"href":"https:\/\/sovistourecuador.com\/en\/wp-json\/wp\/v2\/comments?post=1280"}],"version-history":[{"count":0,"href":"https:\/\/sovistourecuador.com\/en\/wp-json\/wp\/v2\/pages\/1280\/revisions"}],"wp:attachment":[{"href":"https:\/\/sovistourecuador.com\/en\/wp-json\/wp\/v2\/media?parent=1280"}],"curies":[{"name":"wp","href":"https:\/\/api.w.org\/{rel}","templated":true}]}}