{"id":688,"date":"2024-01-11T20:21:22","date_gmt":"2024-01-11T19:21:22","guid":{"rendered":"https:\/\/sovistourecuador.com\/?page_id=688"},"modified":"2025-07-30T23:41:46","modified_gmt":"2025-07-30T21:41:46","slug":"trenes","status":"publish","type":"page","link":"https:\/\/sovistourecuador.com\/en\/trenes\/","title":{"rendered":"Trains"},"content":{"rendered":"<div data-elementor-type=\"wp-page\" data-elementor-id=\"688\" class=\"elementor elementor-688\" data-elementor-post-type=\"page\">\n\t\t\t\t<div data-particle_enable=\"false\" data-particle-mobile-disabled=\"false\" class=\"elementor-element elementor-element-23304a8 e-flex e-con-boxed e-con e-parent\" data-id=\"23304a8\" data-element_type=\"container\" data-e-type=\"container\">\n\t\t\t\t\t<div class=\"e-con-inner\">\n\t\t\t\t<div class=\"elementor-element elementor-element-6597bfd elementor-invisible elementor-widget elementor-widget-image\" data-id=\"6597bfd\" data-element_type=\"widget\" data-e-type=\"widget\" data-settings=\"{&quot;_animation&quot;:&quot;fadeInUp&quot;}\" data-widget_type=\"image.default\">\n\t\t\t\t<div class=\"elementor-widget-container\">\n\t\t\t\t\t\t\t\t\t\t\t\t\t\t\t<img decoding=\"async\" src=\"https:\/\/sovistourecuador.com\/wp-content\/uploads\/elementor\/thumbs\/serTrenes-qt64q6avyc806tol7ovj7ttbst2t584b7kgt91stfg.png\" title=\"serTrenes\" alt=\"serTrenes\" loading=\"lazy\" \/>\t\t\t\t\t\t\t\t\t\t\t\t\t\t\t<\/div>\n\t\t\t\t<\/div>\n\t\t\t\t<div class=\"elementor-element elementor-element-921441a eael-dual-header-content-align-center elementor-invisible elementor-widget elementor-widget-eael-dual-color-header\" data-id=\"921441a\" data-element_type=\"widget\" data-e-type=\"widget\" data-settings=\"{&quot;_animation&quot;:&quot;fadeInLeft&quot;}\" data-widget_type=\"eael-dual-color-header.default\">\n\t\t\t\t<div class=\"elementor-widget-container\">\n\t\t\t\t\t\t\t\t<div class=\"eael-dual-header\">\n\t\t\t\t<h2 class=\"title eael-dch-title\"><span class=\"eael-dch-title-text eael-dch-title-lead lead solid-color\">ECUADOR<\/span> <span class=\"eael-dch-title-text\">MEGADIVERSE<\/span><\/h2>\t\t\t\t\t<span class=\"subtext\">Quilotoa Lagoon \u2013 Devil's Nose<\/span>\n\t\t\t\t\t\t\t<\/div>\n\n\t\t\t\t\t\t<\/div>\n\t\t\t\t<\/div>\n\t\t\t\t<div class=\"elementor-element elementor-element-d5dcaf9 animated-slow elementor-invisible elementor-widget elementor-widget-heading\" data-id=\"d5dcaf9\" data-element_type=\"widget\" data-e-type=\"widget\" data-settings=\"{&quot;_animation&quot;:&quot;fadeIn&quot;}\" data-widget_type=\"heading.default\">\n\t\t\t\t<div class=\"elementor-widget-container\">\n\t\t\t\t\t<h2 class=\"elementor-heading-title elementor-size-default\">2 days \u2013 1 night<\/h2>\t\t\t\t<\/div>\n\t\t\t\t<\/div>\n\t\t\t\t\t<\/div>\n\t\t\t\t<\/div>\n\t\t<div data-particle_enable=\"false\" data-particle-mobile-disabled=\"false\" class=\"elementor-element elementor-element-f1e56e8 e-con-full e-flex e-con e-parent\" data-id=\"f1e56e8\" data-element_type=\"container\" data-e-type=\"container\">\n\t\t<div data-particle_enable=\"false\" data-particle-mobile-disabled=\"false\" class=\"elementor-element elementor-element-1b48199 e-con-full e-flex elementor-invisible e-con e-child\" data-id=\"1b48199\" data-element_type=\"container\" data-e-type=\"container\" data-settings=\"{&quot;animation&quot;:&quot;fadeInDown&quot;}\">\n\t\t\t\t<div class=\"elementor-element elementor-element-f47ab83 elementor-widget elementor-widget-image\" data-id=\"f47ab83\" data-element_type=\"widget\" data-e-type=\"widget\" data-widget_type=\"image.default\">\n\t\t\t\t<div class=\"elementor-widget-container\">\n\t\t\t\t\t\t\t\t\t\t\t\t\t\t\t<img fetchpriority=\"high\" decoding=\"async\" width=\"600\" height=\"449\" src=\"https:\/\/sovistourecuador.com\/wp-content\/uploads\/2024\/02\/serTrenes1.jpg\" class=\"attachment-large size-large wp-image-3458\" alt=\"Trenes Servicio 1\" srcset=\"https:\/\/sovistourecuador.com\/wp-content\/uploads\/2024\/02\/serTrenes1.jpg 600w, https:\/\/sovistourecuador.com\/wp-content\/uploads\/2024\/02\/serTrenes1-300x225.jpg 300w, https:\/\/sovistourecuador.com\/wp-content\/uploads\/2024\/02\/serTrenes1-400x300.jpg 400w\" sizes=\"(max-width: 600px) 100vw, 600px\" \/>\t\t\t\t\t\t\t\t\t\t\t\t\t\t\t<\/div>\n\t\t\t\t<\/div>\n\t\t\t\t<div class=\"elementor-element elementor-element-5664453 elementor-invisible elementor-widget elementor-widget-text-editor\" data-id=\"5664453\" data-element_type=\"widget\" data-e-type=\"widget\" data-settings=\"{&quot;_animation&quot;:&quot;fadeInRight&quot;}\" data-widget_type=\"text-editor.default\">\n\t\t\t\t<div class=\"elementor-widget-container\">\n\t\t\t\t\t\t\t\t\t<p><strong>Day 2.- Alaus\u00ed \u2013 Devil's Nose Route by Train \u2013 Quito<\/strong><br \/>Breakfast. In the morning, we depart for the train station in Alaus\u00ed for our journey to Sibambe via the Devil's Nose. \"The greatest obstacle facing the trans-Andean railway project was the Devil's Nose, a mountain with almost perpendicular walls. To overcome this obstacle, a zigzag track was built that overcomes a 500-meter gradient in just 12 km of dizzying ascent or descent, and which remains an impressive feat of engineering today. We will also discover the Chanch\u00e1n River basin and the traditions and worldview of the Puruhua people in Sibambe.\"<br \/>Lunch. Return to Quito in the afternoon, estimated arrival at 7:00 p.m.<\/p>\t\t\t\t\t\t\t\t<\/div>\n\t\t\t\t<\/div>\n\t\t\t\t<\/div>\n\t\t<div data-particle_enable=\"false\" data-particle-mobile-disabled=\"false\" class=\"elementor-element elementor-element-0dad690 e-con-full e-flex e-con e-child\" data-id=\"0dad690\" data-element_type=\"container\" data-e-type=\"container\">\n\t\t\t\t<div class=\"elementor-element elementor-element-4650f47 elementor-invisible elementor-widget elementor-widget-text-editor\" data-id=\"4650f47\" data-element_type=\"widget\" data-e-type=\"widget\" data-settings=\"{&quot;_animation&quot;:&quot;fadeInRight&quot;}\" data-widget_type=\"text-editor.default\">\n\t\t\t\t<div class=\"elementor-widget-container\">\n\t\t\t\t\t\t\t\t\t<p><strong>Day 1.- Quito \u2013 Quilotoa \u2013 Tigua Community \u2013 Riobamba<\/strong><br \/>We depart in the morning from Quito, crossing the Avenue of the Volcanoes to reach the impressive Quilotoa Volcano Lagoon. Along the way, we'll enjoy a snack and visit an indigenous market selling all kinds of local products. Once at the lagoon's viewpoint, we'll take a 45-minute (descent) to 1.5-hour (ascent) hike. It's the ideal place to relax, enjoy the unique scenery, and capture unforgettable family memories.<\/p><p>Lunch. In the afternoon, we will visit the Tigua community, world-renowned for its paintings depicting stories from the Ecuadorian Andes.<br \/>We continue our journey to Riobamba for accommodation, dinner and a well-deserved rest.<\/p>\t\t\t\t\t\t\t\t<\/div>\n\t\t\t\t<\/div>\n\t\t\t\t<div class=\"elementor-element elementor-element-8cf048d elementor-widget elementor-widget-image\" data-id=\"8cf048d\" data-element_type=\"widget\" data-e-type=\"widget\" data-widget_type=\"image.default\">\n\t\t\t\t<div class=\"elementor-widget-container\">\n\t\t\t\t\t\t\t\t\t\t\t\t\t\t\t<img decoding=\"async\" width=\"600\" height=\"449\" src=\"https:\/\/sovistourecuador.com\/wp-content\/uploads\/2024\/02\/serTrenes2.jpg\" class=\"attachment-large size-large wp-image-3459\" alt=\"Trenes Servicio 2\" srcset=\"https:\/\/sovistourecuador.com\/wp-content\/uploads\/2024\/02\/serTrenes2.jpg 600w, https:\/\/sovistourecuador.com\/wp-content\/uploads\/2024\/02\/serTrenes2-300x225.jpg 300w, https:\/\/sovistourecuador.com\/wp-content\/uploads\/2024\/02\/serTrenes2-400x300.jpg 400w\" sizes=\"(max-width: 600px) 100vw, 600px\" \/>\t\t\t\t\t\t\t\t\t\t\t\t\t\t\t<\/div>\n\t\t\t\t<\/div>\n\t\t\t\t<div class=\"elementor-element elementor-element-76236e7 elementor-absolute elementor-invisible elementor-widget elementor-widget-image\" data-id=\"76236e7\" data-element_type=\"widget\" data-e-type=\"widget\" data-settings=\"{&quot;_position&quot;:&quot;absolute&quot;,&quot;_animation&quot;:&quot;bounceIn&quot;}\" data-widget_type=\"image.default\">\n\t\t\t\t<div class=\"elementor-widget-container\">\n\t\t\t\t\t\t\t\t\t\t\t\t\t\t\t<img decoding=\"async\" src=\"https:\/\/sovistourecuador.com\/wp-content\/uploads\/elementor\/thumbs\/serTrenes3-qt64q6avceu2m49v69s6fcb5h273gai1kex56ttp74.jpg\" title=\"Trenes Servicio 3\" alt=\"Trenes Servicio 3\" loading=\"lazy\" \/>\t\t\t\t\t\t\t\t\t\t\t\t\t\t\t<\/div>\n\t\t\t\t<\/div>\n\t\t\t\t<\/div>\n\t\t\t\t<\/div>\n\t\t<div data-particle_enable=\"false\" data-particle-mobile-disabled=\"false\" class=\"elementor-element elementor-element-bd8154c e-flex e-con-boxed e-con e-parent\" data-id=\"bd8154c\" data-element_type=\"container\" data-e-type=\"container\">\n\t\t\t\t\t<div class=\"e-con-inner\">\n\t\t<div data-particle_enable=\"false\" data-particle-mobile-disabled=\"false\" class=\"elementor-element elementor-element-cb3ede0 e-flex e-con-boxed e-con e-child\" data-id=\"cb3ede0\" data-element_type=\"container\" data-e-type=\"container\">\n\t\t\t\t\t<div class=\"e-con-inner\">\n\t\t<div data-particle_enable=\"false\" data-particle-mobile-disabled=\"false\" class=\"elementor-element elementor-element-21d74a0 e-flex e-con-boxed elementor-invisible e-con e-child\" data-id=\"21d74a0\" data-element_type=\"container\" data-e-type=\"container\" data-settings=\"{&quot;animation&quot;:&quot;fadeInLeft&quot;}\">\n\t\t\t\t\t<div class=\"e-con-inner\">\n\t\t\t\t<div class=\"elementor-element elementor-element-5c3a2ee elementor-widget elementor-widget-heading\" data-id=\"5c3a2ee\" data-element_type=\"widget\" data-e-type=\"widget\" data-widget_type=\"heading.default\">\n\t\t\t\t<div class=\"elementor-widget-container\">\n\t\t\t\t\t<h2 class=\"elementor-heading-title elementor-size-default\">The tour includes<\/h2>\t\t\t\t<\/div>\n\t\t\t\t<\/div>\n\t\t\t\t<div class=\"elementor-element elementor-element-db71b7a elementor-widget elementor-widget-text-editor\" data-id=\"db71b7a\" data-element_type=\"widget\" data-e-type=\"widget\" data-widget_type=\"text-editor.default\">\n\t\t\t\t<div class=\"elementor-widget-container\">\n\t\t\t\t\t\t\t\t\t<ul><li>Tourist Transportation from \u2013 to Quito.<\/li><li>Accommodation in a 4-star hotel.<\/li><li>COMPLETE feeding.<\/li><li>Snack on the way.<\/li><li>Ticket for the Devil's Nose Train.<\/li><li>Activities and visits described.<\/li><li>Accompanying guide during the tour.<\/li><li>Taxes.<\/li><\/ul>\t\t\t\t\t\t\t\t<\/div>\n\t\t\t\t<\/div>\n\t\t\t\t\t<\/div>\n\t\t\t\t<\/div>\n\t\t<div data-particle_enable=\"false\" data-particle-mobile-disabled=\"false\" class=\"elementor-element elementor-element-4683133 e-flex e-con-boxed elementor-invisible e-con e-child\" data-id=\"4683133\" data-element_type=\"container\" data-e-type=\"container\" data-settings=\"{&quot;animation&quot;:&quot;fadeInRight&quot;}\">\n\t\t\t\t\t<div class=\"e-con-inner\">\n\t\t\t\t<div class=\"elementor-element elementor-element-3d300c3 elementor-widget elementor-widget-heading\" data-id=\"3d300c3\" data-element_type=\"widget\" data-e-type=\"widget\" data-widget_type=\"heading.default\">\n\t\t\t\t<div class=\"elementor-widget-container\">\n\t\t\t\t\t<h2 class=\"elementor-heading-title elementor-size-default\">Not include<\/h2>\t\t\t\t<\/div>\n\t\t\t\t<\/div>\n\t\t\t\t<div class=\"elementor-element elementor-element-4f78ae9 elementor-widget elementor-widget-text-editor\" data-id=\"4f78ae9\" data-element_type=\"widget\" data-e-type=\"widget\" data-widget_type=\"text-editor.default\">\n\t\t\t\t<div class=\"elementor-widget-container\">\n\t\t\t\t\t\t\t\t\t<ul>\n \t<li>Tips.<\/li>\n \t<li> Drinks and services not described.<\/li>\n \t\n<\/ul>\t\t\t\t\t\t\t\t<\/div>\n\t\t\t\t<\/div>\n\t\t\t\t<div class=\"elementor-element elementor-element-46eb8d8 elementor-widget elementor-widget-text-editor\" data-id=\"46eb8d8\" data-element_type=\"widget\" data-e-type=\"widget\" data-widget_type=\"text-editor.default\">\n\t\t\t\t<div class=\"elementor-widget-container\">\n\t\t\t\t\t\t\t\t\t<p>Children 2-11 years 10% discount, accompanied by 2 adults.<br \/>Infant does not pay, sharing everything with parents.<br \/>Promotion valid for cash payments.<br \/>Spaces and fares subject to train availability.<\/p>\t\t\t\t\t\t\t\t<\/div>\n\t\t\t\t<\/div>\n\t\t\t\t\t<\/div>\n\t\t\t\t<\/div>\n\t\t\t\t\t<\/div>\n\t\t\t\t<\/div>\n\t\t\t\t\t<\/div>\n\t\t\t\t<\/div>\n\t\t<div data-particle_enable=\"false\" data-particle-mobile-disabled=\"false\" class=\"elementor-element elementor-element-6279678 e-flex e-con-boxed e-con e-parent\" data-id=\"6279678\" data-element_type=\"container\" data-e-type=\"container\" data-settings=\"{&quot;background_background&quot;:&quot;classic&quot;}\">\n\t\t\t\t\t<div class=\"e-con-inner\">\n\t\t<div data-particle_enable=\"false\" data-particle-mobile-disabled=\"false\" class=\"elementor-element elementor-element-c9fdf46 e-con-full animated-slow e-flex elementor-invisible e-con e-child\" data-id=\"c9fdf46\" data-element_type=\"container\" data-e-type=\"container\" data-settings=\"{&quot;animation&quot;:&quot;zoomIn&quot;}\">\n\t\t\t\t<div class=\"elementor-element elementor-element-982f746 animated-slow heartbeat elementor-widget elementor-widget-image\" data-id=\"982f746\" data-element_type=\"widget\" data-e-type=\"widget\" data-settings=\"{&quot;_animation&quot;:&quot;none&quot;}\" data-widget_type=\"image.default\">\n\t\t\t\t<div class=\"elementor-widget-container\">\n\t\t\t\t\t\t\t\t\t\t\t\t\t\t\t\t<a href=\"https:\/\/api.whatsapp.com\/send?phone=593980825308\" target=\"_blank\">\n\t\t\t\t\t\t\t<img decoding=\"async\" src=\"https:\/\/sovistourecuador.com\/wp-content\/uploads\/elementor\/thumbs\/whatsapp-qt64q6au4k27gpgf3flgudastkfo2f9ia3tt2dvffs.png\" title=\"whatsapp\" alt=\"whatsapp\" loading=\"lazy\" \/>\t\t\t\t\t\t\t\t<\/a>\n\t\t\t\t\t\t\t\t\t\t\t\t\t\t\t<\/div>\n\t\t\t\t<\/div>\n\t\t\t\t<\/div>\n\t\t<a data-particle_enable=\"false\" data-particle-mobile-disabled=\"false\" class=\"elementor-element elementor-element-b8cf53d e-con-full grow-effect e-flex e-con e-child\" data-id=\"b8cf53d\" data-element_type=\"container\" data-e-type=\"container\" data-settings=\"{&quot;animation&quot;:&quot;none&quot;}\" href=\"https:\/\/api.whatsapp.com\/send?phone=593980825308\" target=\"_blank\">\n\t\t\t\t<div class=\"elementor-element elementor-element-36d1ee2 animated-slow elementor-invisible elementor-widget elementor-widget-heading\" data-id=\"36d1ee2\" data-element_type=\"widget\" data-e-type=\"widget\" data-settings=\"{&quot;_animation&quot;:&quot;fadeInRight&quot;}\" data-widget_type=\"heading.default\">\n\t\t\t\t<div class=\"elementor-widget-container\">\n\t\t\t\t\t<h2 class=\"elementor-heading-title elementor-size-default\">Do you like our services?<\/h2>\t\t\t\t<\/div>\n\t\t\t\t<\/div>\n\t\t\t\t<div class=\"elementor-element elementor-element-ebaa5ac animated-slow elementor-invisible elementor-widget elementor-widget-heading\" data-id=\"ebaa5ac\" data-element_type=\"widget\" data-e-type=\"widget\" data-settings=\"{&quot;_animation&quot;:&quot;fadeInLeft&quot;}\" data-widget_type=\"heading.default\">\n\t\t\t\t<div class=\"elementor-widget-container\">\n\t\t\t\t\t<h2 class=\"elementor-heading-title elementor-size-default\">Write us on WhatsApp and we will respond immediately.<\/h2>\t\t\t\t<\/div>\n\t\t\t\t<\/div>\n\t\t\t\t<\/a>\n\t\t\t\t\t<\/div>\n\t\t\t\t<\/div>\n\t\t\t\t<\/div>","protected":false},"excerpt":{"rendered":"<p>ECUADOR MEGADIVERSO Laguna del Quilotoa \u2013 Nariz del Diablo 2 d\u00edas \u2013 1 noche D\u00eda 2.- Alaus\u00ed \u2013 Ruta Nariz del Diablo en Tren \u2013 QuitoDesayuno. En la ma\u00f1ana salida hacia la Estaci\u00f3n del Tren en Alaus\u00ed para realizar nuestro recorrido hacia Sibambe por la Nariz del Diablo. \u201cEl obst\u00e1culo m\u00e1s grande al que se [&hellip;]<\/p>\n","protected":false},"author":1,"featured_media":0,"parent":0,"menu_order":0,"comment_status":"closed","ping_status":"closed","template":"","meta":{"footnotes":""},"class_list":["post-688","page","type-page","status-publish","hentry"],"_links":{"self":[{"href":"https:\/\/sovistourecuador.com\/en\/wp-json\/wp\/v2\/pages\/688","targetHints":{"allow":["GET"]}}],"collection":[{"href":"https:\/\/sovistourecuador.com\/en\/wp-json\/wp\/v2\/pages"}],"about":[{"href":"https:\/\/sovistourecuador.com\/en\/wp-json\/wp\/v2\/types\/page"}],"author":[{"embeddable":true,"href":"https:\/\/sovistourecuador.com\/en\/wp-json\/wp\/v2\/users\/1"}],"replies":[{"embeddable":true,"href":"https:\/\/sovistourecuador.com\/en\/wp-json\/wp\/v2\/comments?post=688"}],"version-history":[{"count":0,"href":"https:\/\/sovistourecuador.com\/en\/wp-json\/wp\/v2\/pages\/688\/revisions"}],"wp:attachment":[{"href":"https:\/\/sovistourecuador.com\/en\/wp-json\/wp\/v2\/media?parent=688"}],"curies":[{"name":"wp","href":"https:\/\/api.w.org\/{rel}","templated":true}]}}