{"id":727,"date":"2024-01-11T21:47:05","date_gmt":"2024-01-11T20:47:05","guid":{"rendered":"https:\/\/sovistourecuador.com\/?page_id=727"},"modified":"2024-02-21T23:38:25","modified_gmt":"2024-02-21T22:38:25","slug":"transporte","status":"publish","type":"page","link":"https:\/\/sovistourecuador.com\/en\/transporte\/","title":{"rendered":"Transport"},"content":{"rendered":"<div data-elementor-type=\"wp-page\" data-elementor-id=\"727\" class=\"elementor elementor-727\" data-elementor-post-type=\"page\">\n\t\t\t\t<div data-particle_enable=\"false\" data-particle-mobile-disabled=\"false\" class=\"elementor-element elementor-element-ee1fd47 e-flex e-con-boxed e-con e-parent\" data-id=\"ee1fd47\" data-element_type=\"container\" data-e-type=\"container\">\n\t\t\t\t\t<div class=\"e-con-inner\">\n\t\t<div data-particle_enable=\"false\" data-particle-mobile-disabled=\"false\" class=\"elementor-element elementor-element-5d65c04 e-con-full e-flex elementor-invisible e-con e-child\" data-id=\"5d65c04\" data-element_type=\"container\" data-e-type=\"container\" data-settings=\"{&quot;animation&quot;:&quot;fadeInLeft&quot;}\">\n\t\t\t\t<div class=\"elementor-element elementor-element-071dccb elementor-widget elementor-widget-video\" data-id=\"071dccb\" data-element_type=\"widget\" data-e-type=\"widget\" data-settings=\"{&quot;youtube_url&quot;:&quot;https:\\\/\\\/www.youtube.com\\\/watch?v=g6SwyoItkm0&quot;,&quot;video_type&quot;:&quot;youtube&quot;}\" data-widget_type=\"video.default\">\n\t\t\t\t<div class=\"elementor-widget-container\">\n\t\t\t\t\t\t\t<div class=\"elementor-wrapper elementor-open-inline\">\n\t\t\t<div class=\"elementor-video\"><\/div>\t\t<\/div>\n\t\t\t\t\t\t<\/div>\n\t\t\t\t<\/div>\n\t\t\t\t<div class=\"elementor-element elementor-element-999295c elementor-widget elementor-widget-text-editor\" data-id=\"999295c\" data-element_type=\"widget\" data-e-type=\"widget\" data-widget_type=\"text-editor.default\">\n\t\t\t\t<div class=\"elementor-widget-container\">\n\t\t\t\t\t\t\t\t\t<p><strong>The units are exclusive and offer comfort to domestic and foreign tourists with the following services:<\/strong><\/p>\t\t\t\t\t\t\t\t<\/div>\n\t\t\t\t<\/div>\n\t\t\t\t<div class=\"elementor-element elementor-element-24de9bf elementor-widget elementor-widget-text-editor\" data-id=\"24de9bf\" data-element_type=\"widget\" data-e-type=\"widget\" data-widget_type=\"text-editor.default\">\n\t\t\t\t<div class=\"elementor-widget-container\">\n\t\t\t\t\t\t\t\t\t<ul>\n \t<li>Air-conditioning.<\/li>\n \t<li>Heating.<\/li>\n \t<li>Wi-Fi.<\/li>\n \t<li>USB ports at each seat (cell phone charging).<\/li>\n \t<li>Fridge.<\/li>\n \t<li>Car seat type sleeper.<\/li>\n \t<li>Karaoke.<\/li>\n \t<li>TV<\/li>\n<\/ul>\t\t\t\t\t\t\t\t<\/div>\n\t\t\t\t<\/div>\n\t\t\t\t<div class=\"elementor-element elementor-element-0e931cf elementor-headline--style-highlight elementor-widget elementor-widget-animated-headline\" data-id=\"0e931cf\" data-element_type=\"widget\" data-e-type=\"widget\" data-settings=\"{&quot;marker&quot;:&quot;double_underline&quot;,&quot;highlighted_text&quot;:&quot;gustosos de atenderle&quot;,&quot;headline_style&quot;:&quot;highlight&quot;,&quot;loop&quot;:&quot;yes&quot;,&quot;highlight_animation_duration&quot;:1200,&quot;highlight_iteration_delay&quot;:8000}\" data-widget_type=\"animated-headline.default\">\n\t\t\t\t<div class=\"elementor-widget-container\">\n\t\t\t\t\t\t\t<h3 class=\"elementor-headline\">\n\t\t\t\t\t<span class=\"elementor-headline-plain-text elementor-headline-text-wrapper\">Travel with us, we will be<\/span>\n\t\t\t\t<span class=\"elementor-headline-dynamic-wrapper elementor-headline-text-wrapper\">\n\t\t\t\t\t<span class=\"elementor-headline-dynamic-text elementor-headline-text-active\">happy to assist you<\/span>\n\t\t\t\t<\/span>\n\t\t\t\t<\/h3>\n\t\t\t\t\t\t<\/div>\n\t\t\t\t<\/div>\n\t\t\t\t<\/div>\n\t\t<div data-particle_enable=\"false\" data-particle-mobile-disabled=\"false\" class=\"elementor-element elementor-element-604f613 e-con-full animated-slow e-flex elementor-invisible e-con e-child\" data-id=\"604f613\" data-element_type=\"container\" data-e-type=\"container\" data-settings=\"{&quot;animation&quot;:&quot;bounceIn&quot;}\">\n\t\t\t\t<div class=\"elementor-element elementor-element-9bd8949 elementor-widget elementor-widget-image\" data-id=\"9bd8949\" data-element_type=\"widget\" data-e-type=\"widget\" data-widget_type=\"image.default\">\n\t\t\t\t<div class=\"elementor-widget-container\">\n\t\t\t\t\t\t\t\t\t\t\t\t\t\t\t<img decoding=\"async\" src=\"https:\/\/sovistourecuador.com\/wp-content\/uploads\/elementor\/thumbs\/serTransp-qt64q6avyc806tol7ovj7ttbst2t584b7kgt91stfg.png\" title=\"serTransp\" alt=\"serTransp\" loading=\"lazy\" \/>\t\t\t\t\t\t\t\t\t\t\t\t\t\t\t<\/div>\n\t\t\t\t<\/div>\n\t\t\t\t<div class=\"elementor-element elementor-element-5e4efbd elementor-widget elementor-widget-text-editor\" data-id=\"5e4efbd\" data-element_type=\"widget\" data-e-type=\"widget\" data-widget_type=\"text-editor.default\">\n\t\t\t\t<div class=\"elementor-widget-container\">\n\t\t\t\t\t\t\t\t\t<p><strong>Sovistourecuador Cia. Ltda<\/strong>. together with transportation companies, offers its passengers safety, convenience, and comfort during travel within and outside the country. It offers national and international insurance through the Andean Pact.<\/p>\t\t\t\t\t\t\t\t<\/div>\n\t\t\t\t<\/div>\n\t\t\t\t<div class=\"elementor-element elementor-element-7caeb85 elementor-widget elementor-widget-heading\" data-id=\"7caeb85\" data-element_type=\"widget\" data-e-type=\"widget\" data-widget_type=\"heading.default\">\n\t\t\t\t<div class=\"elementor-widget-container\">\n\t\t\t\t\t<h2 class=\"elementor-heading-title elementor-size-default\">We offer Tourist Transportation Services in:<\/h2>\t\t\t\t<\/div>\n\t\t\t\t<\/div>\n\t\t\t\t<div class=\"elementor-element elementor-element-ec1d5e6 elementor-widget elementor-widget-text-editor\" data-id=\"ec1d5e6\" data-element_type=\"widget\" data-e-type=\"widget\" data-widget_type=\"text-editor.default\">\n\t\t\t\t<div class=\"elementor-widget-container\">\n\t\t\t\t\t\t\t\t\t<ul>\n \t<li>Vans.<\/li>\n \t<li>Microbuses.<\/li>\n \t<li>Buses.<\/li>\n \t\n<\/ul>\t\t\t\t\t\t\t\t<\/div>\n\t\t\t\t<\/div>\n\t\t\t\t<div class=\"elementor-element elementor-element-8ae6f33 elementor-widget elementor-widget-image-carousel\" data-id=\"8ae6f33\" data-element_type=\"widget\" data-e-type=\"widget\" data-settings=\"{&quot;slides_to_show&quot;:&quot;1&quot;,&quot;navigation&quot;:&quot;none&quot;,&quot;speed&quot;:200,&quot;autoplay&quot;:&quot;yes&quot;,&quot;pause_on_hover&quot;:&quot;yes&quot;,&quot;pause_on_interaction&quot;:&quot;yes&quot;,&quot;autoplay_speed&quot;:5000,&quot;infinite&quot;:&quot;yes&quot;,&quot;effect&quot;:&quot;slide&quot;}\" data-widget_type=\"image-carousel.default\">\n\t\t\t\t<div class=\"elementor-widget-container\">\n\t\t\t\t\t\t\t<div class=\"elementor-image-carousel-wrapper swiper\" role=\"region\" aria-roledescription=\"carousel\" aria-label=\"Image Carousel\" dir=\"ltr\" data-no-translation-aria-label=\"\">\n\t\t\t<div class=\"elementor-image-carousel swiper-wrapper\" aria-live=\"off\">\n\t\t\t\t\t\t\t\t<div class=\"swiper-slide\" role=\"group\" aria-roledescription=\"slide\" aria-label=\"1 of 4\" data-no-translation-aria-label=\"\"><a data-elementor-open-lightbox=\"yes\" data-elementor-lightbox-slideshow=\"8ae6f33\" data-elementor-lightbox-title=\"bus1\" data-e-action-hash=\"#elementor-action%3Aaction%3Dlightbox%26settings%3DeyJpZCI6NzI4LCJ1cmwiOiJodHRwczpcL1wvc292aXN0b3VyZWN1YWRvci5jb21cL3dwLWNvbnRlbnRcL3VwbG9hZHNcLzIwMjRcLzAxXC9idXMxLmpwZWciLCJzbGlkZXNob3ciOiI4YWU2ZjMzIn0%3D\" href=\"https:\/\/sovistourecuador.com\/wp-content\/uploads\/2024\/01\/bus1.jpeg\"><figure class=\"swiper-slide-inner\"><img decoding=\"async\" class=\"swiper-slide-image\" src=\"https:\/\/sovistourecuador.com\/wp-content\/uploads\/2024\/01\/bus1.jpeg\" alt=\"bus1\" \/><\/figure><\/a><\/div><div class=\"swiper-slide\" role=\"group\" aria-roledescription=\"slide\" aria-label=\"2 of 4\" data-no-translation-aria-label=\"\"><a data-elementor-open-lightbox=\"yes\" data-elementor-lightbox-slideshow=\"8ae6f33\" data-elementor-lightbox-title=\"furgo1\" data-e-action-hash=\"#elementor-action%3Aaction%3Dlightbox%26settings%3DeyJpZCI6NzMwLCJ1cmwiOiJodHRwczpcL1wvc292aXN0b3VyZWN1YWRvci5jb21cL3dwLWNvbnRlbnRcL3VwbG9hZHNcLzIwMjRcLzAxXC9mdXJnbzEuanBlZyIsInNsaWRlc2hvdyI6IjhhZTZmMzMifQ%3D%3D\" href=\"https:\/\/sovistourecuador.com\/wp-content\/uploads\/2024\/01\/furgo1.jpeg\"><figure class=\"swiper-slide-inner\"><img decoding=\"async\" class=\"swiper-slide-image\" src=\"https:\/\/sovistourecuador.com\/wp-content\/uploads\/2024\/01\/furgo1.jpeg\" alt=\"furgo1\" \/><\/figure><\/a><\/div><div class=\"swiper-slide\" role=\"group\" aria-roledescription=\"slide\" aria-label=\"3 of 4\" data-no-translation-aria-label=\"\"><a data-elementor-open-lightbox=\"yes\" data-elementor-lightbox-slideshow=\"8ae6f33\" data-elementor-lightbox-title=\"bus2\" data-e-action-hash=\"#elementor-action%3Aaction%3Dlightbox%26settings%3DeyJpZCI6NzI5LCJ1cmwiOiJodHRwczpcL1wvc292aXN0b3VyZWN1YWRvci5jb21cL3dwLWNvbnRlbnRcL3VwbG9hZHNcLzIwMjRcLzAxXC9idXMyLmpwZWciLCJzbGlkZXNob3ciOiI4YWU2ZjMzIn0%3D\" href=\"https:\/\/sovistourecuador.com\/wp-content\/uploads\/2024\/01\/bus2.jpeg\"><figure class=\"swiper-slide-inner\"><img decoding=\"async\" class=\"swiper-slide-image\" src=\"https:\/\/sovistourecuador.com\/wp-content\/uploads\/2024\/01\/bus2.jpeg\" alt=\"bus2\" \/><\/figure><\/a><\/div><div class=\"swiper-slide\" role=\"group\" aria-roledescription=\"slide\" aria-label=\"4 of 4\" data-no-translation-aria-label=\"\"><a data-elementor-open-lightbox=\"yes\" data-elementor-lightbox-slideshow=\"8ae6f33\" data-elementor-lightbox-title=\"furgo2\" data-e-action-hash=\"#elementor-action%3Aaction%3Dlightbox%26settings%3DeyJpZCI6NzMxLCJ1cmwiOiJodHRwczpcL1wvc292aXN0b3VyZWN1YWRvci5jb21cL3dwLWNvbnRlbnRcL3VwbG9hZHNcLzIwMjRcLzAxXC9mdXJnbzIuanBlZyIsInNsaWRlc2hvdyI6IjhhZTZmMzMifQ%3D%3D\" href=\"https:\/\/sovistourecuador.com\/wp-content\/uploads\/2024\/01\/furgo2.jpeg\"><figure class=\"swiper-slide-inner\"><img decoding=\"async\" class=\"swiper-slide-image\" src=\"https:\/\/sovistourecuador.com\/wp-content\/uploads\/2024\/01\/furgo2.jpeg\" alt=\"furgo2\" \/><\/figure><\/a><\/div>\t\t\t<\/div>\n\t\t\t\t\t\t\t\n\t\t\t\t\t\t\t\t\t<\/div>\n\t\t\t\t\t\t<\/div>\n\t\t\t\t<\/div>\n\t\t\t\t<\/div>\n\t\t\t\t\t<\/div>\n\t\t\t\t<\/div>\n\t\t<div data-particle_enable=\"false\" data-particle-mobile-disabled=\"false\" class=\"elementor-element elementor-element-bd8154c e-flex e-con-boxed elementor-invisible e-con e-parent\" data-id=\"bd8154c\" data-element_type=\"container\" data-e-type=\"container\" data-settings=\"{&quot;animation&quot;:&quot;fadeInDown&quot;}\">\n\t\t\t\t\t<div class=\"e-con-inner\">\n\t\t\t\t<div class=\"elementor-element elementor-element-480e09f elementor-widget elementor-widget-heading\" data-id=\"480e09f\" data-element_type=\"widget\" data-e-type=\"widget\" data-widget_type=\"heading.default\">\n\t\t\t\t<div class=\"elementor-widget-container\">\n\t\t\t\t\t<h2 class=\"elementor-heading-title elementor-size-default\">Our Units<\/h2>\t\t\t\t<\/div>\n\t\t\t\t<\/div>\n\t\t\t\t<div class=\"elementor-element elementor-element-5e32968 elementor-widget elementor-widget-image-carousel\" data-id=\"5e32968\" data-element_type=\"widget\" data-e-type=\"widget\" data-settings=\"{&quot;slides_to_show&quot;:&quot;3&quot;,&quot;navigation&quot;:&quot;none&quot;,&quot;autoplay&quot;:&quot;yes&quot;,&quot;pause_on_hover&quot;:&quot;yes&quot;,&quot;pause_on_interaction&quot;:&quot;yes&quot;,&quot;autoplay_speed&quot;:5000,&quot;infinite&quot;:&quot;yes&quot;,&quot;speed&quot;:500}\" data-widget_type=\"image-carousel.default\">\n\t\t\t\t<div class=\"elementor-widget-container\">\n\t\t\t\t\t\t\t<div class=\"elementor-image-carousel-wrapper swiper\" role=\"region\" aria-roledescription=\"carousel\" aria-label=\"Image Carousel\" dir=\"ltr\" data-no-translation-aria-label=\"\">\n\t\t\t<div class=\"elementor-image-carousel swiper-wrapper\" aria-live=\"off\">\n\t\t\t\t\t\t\t\t<div class=\"swiper-slide\" role=\"group\" aria-roledescription=\"slide\" aria-label=\"1 of 13\" data-no-translation-aria-label=\"\"><a data-elementor-open-lightbox=\"yes\" data-elementor-lightbox-slideshow=\"5e32968\" data-elementor-lightbox-title=\"asientosBus1\" data-e-action-hash=\"#elementor-action%3Aaction%3Dlightbox%26settings%3DeyJpZCI6NzMyLCJ1cmwiOiJodHRwczpcL1wvc292aXN0b3VyZWN1YWRvci5jb21cL3dwLWNvbnRlbnRcL3VwbG9hZHNcLzIwMjRcLzAxXC9hc2llbnRvc0J1czEuanBlZyIsInNsaWRlc2hvdyI6IjVlMzI5NjgifQ%3D%3D\" href=\"https:\/\/sovistourecuador.com\/wp-content\/uploads\/2024\/01\/asientosBus1.jpeg\"><figure class=\"swiper-slide-inner\"><img decoding=\"async\" class=\"swiper-slide-image\" src=\"https:\/\/sovistourecuador.com\/wp-content\/uploads\/2024\/01\/asientosBus1.jpeg\" alt=\"asientosBus1\" \/><\/figure><\/a><\/div><div class=\"swiper-slide\" role=\"group\" aria-roledescription=\"slide\" aria-label=\"2 of 13\" data-no-translation-aria-label=\"\"><a data-elementor-open-lightbox=\"yes\" data-elementor-lightbox-slideshow=\"5e32968\" data-elementor-lightbox-title=\"asientosBus2\" data-e-action-hash=\"#elementor-action%3Aaction%3Dlightbox%26settings%3DeyJpZCI6NzMzLCJ1cmwiOiJodHRwczpcL1wvc292aXN0b3VyZWN1YWRvci5jb21cL3dwLWNvbnRlbnRcL3VwbG9hZHNcLzIwMjRcLzAxXC9hc2llbnRvc0J1czIuanBlZyIsInNsaWRlc2hvdyI6IjVlMzI5NjgifQ%3D%3D\" href=\"https:\/\/sovistourecuador.com\/wp-content\/uploads\/2024\/01\/asientosBus2.jpeg\"><figure class=\"swiper-slide-inner\"><img decoding=\"async\" class=\"swiper-slide-image\" src=\"https:\/\/sovistourecuador.com\/wp-content\/uploads\/2024\/01\/asientosBus2.jpeg\" alt=\"asientosBus2\" \/><\/figure><\/a><\/div><div class=\"swiper-slide\" role=\"group\" aria-roledescription=\"slide\" aria-label=\"3 of 13\" data-no-translation-aria-label=\"\"><a data-elementor-open-lightbox=\"yes\" data-elementor-lightbox-slideshow=\"5e32968\" data-elementor-lightbox-title=\"asientosBus3\" data-e-action-hash=\"#elementor-action%3Aaction%3Dlightbox%26settings%3DeyJpZCI6NzM0LCJ1cmwiOiJodHRwczpcL1wvc292aXN0b3VyZWN1YWRvci5jb21cL3dwLWNvbnRlbnRcL3VwbG9hZHNcLzIwMjRcLzAxXC9hc2llbnRvc0J1czMuanBlZyIsInNsaWRlc2hvdyI6IjVlMzI5NjgifQ%3D%3D\" href=\"https:\/\/sovistourecuador.com\/wp-content\/uploads\/2024\/01\/asientosBus3.jpeg\"><figure class=\"swiper-slide-inner\"><img decoding=\"async\" class=\"swiper-slide-image\" src=\"https:\/\/sovistourecuador.com\/wp-content\/uploads\/2024\/01\/asientosBus3.jpeg\" alt=\"asientosBus3\" \/><\/figure><\/a><\/div><div class=\"swiper-slide\" role=\"group\" aria-roledescription=\"slide\" aria-label=\"4 of 13\" data-no-translation-aria-label=\"\"><a data-elementor-open-lightbox=\"yes\" data-elementor-lightbox-slideshow=\"5e32968\" data-elementor-lightbox-title=\"asientosFurgo\" data-e-action-hash=\"#elementor-action%3Aaction%3Dlightbox%26settings%3DeyJpZCI6NzM1LCJ1cmwiOiJodHRwczpcL1wvc292aXN0b3VyZWN1YWRvci5jb21cL3dwLWNvbnRlbnRcL3VwbG9hZHNcLzIwMjRcLzAxXC9hc2llbnRvc0Z1cmdvLmpwZWciLCJzbGlkZXNob3ciOiI1ZTMyOTY4In0%3D\" href=\"https:\/\/sovistourecuador.com\/wp-content\/uploads\/2024\/01\/asientosFurgo.jpeg\"><figure class=\"swiper-slide-inner\"><img decoding=\"async\" class=\"swiper-slide-image\" src=\"https:\/\/sovistourecuador.com\/wp-content\/uploads\/2024\/01\/asientosFurgo.jpeg\" alt=\"asientosFurgo\" \/><\/figure><\/a><\/div><div class=\"swiper-slide\" role=\"group\" aria-roledescription=\"slide\" aria-label=\"5 of 13\" data-no-translation-aria-label=\"\"><a data-elementor-open-lightbox=\"yes\" data-elementor-lightbox-slideshow=\"5e32968\" data-elementor-lightbox-title=\"bodegaBus\" data-e-action-hash=\"#elementor-action%3Aaction%3Dlightbox%26settings%3DeyJpZCI6NzM2LCJ1cmwiOiJodHRwczpcL1wvc292aXN0b3VyZWN1YWRvci5jb21cL3dwLWNvbnRlbnRcL3VwbG9hZHNcLzIwMjRcLzAxXC9ib2RlZ2FCdXMuanBlZyIsInNsaWRlc2hvdyI6IjVlMzI5NjgifQ%3D%3D\" href=\"https:\/\/sovistourecuador.com\/wp-content\/uploads\/2024\/01\/bodegaBus.jpeg\"><figure class=\"swiper-slide-inner\"><img decoding=\"async\" class=\"swiper-slide-image\" src=\"https:\/\/sovistourecuador.com\/wp-content\/uploads\/2024\/01\/bodegaBus.jpeg\" alt=\"bodegaBus\" \/><\/figure><\/a><\/div><div class=\"swiper-slide\" role=\"group\" aria-roledescription=\"slide\" aria-label=\"6 of 13\" data-no-translation-aria-label=\"\"><a data-elementor-open-lightbox=\"yes\" data-elementor-lightbox-slideshow=\"5e32968\" data-elementor-lightbox-title=\"coolerBus\" data-e-action-hash=\"#elementor-action%3Aaction%3Dlightbox%26settings%3DeyJpZCI6NzM3LCJ1cmwiOiJodHRwczpcL1wvc292aXN0b3VyZWN1YWRvci5jb21cL3dwLWNvbnRlbnRcL3VwbG9hZHNcLzIwMjRcLzAxXC9jb29sZXJCdXMuanBlZyIsInNsaWRlc2hvdyI6IjVlMzI5NjgifQ%3D%3D\" href=\"https:\/\/sovistourecuador.com\/wp-content\/uploads\/2024\/01\/coolerBus.jpeg\"><figure class=\"swiper-slide-inner\"><img decoding=\"async\" class=\"swiper-slide-image\" src=\"https:\/\/sovistourecuador.com\/wp-content\/uploads\/2024\/01\/coolerBus.jpeg\" alt=\"coolerBus\" \/><\/figure><\/a><\/div><div class=\"swiper-slide\" role=\"group\" aria-roledescription=\"slide\" aria-label=\"7 of 13\" data-no-translation-aria-label=\"\"><a data-elementor-open-lightbox=\"yes\" data-elementor-lightbox-slideshow=\"5e32968\" data-elementor-lightbox-title=\"extBus\" data-e-action-hash=\"#elementor-action%3Aaction%3Dlightbox%26settings%3DeyJpZCI6NzM4LCJ1cmwiOiJodHRwczpcL1wvc292aXN0b3VyZWN1YWRvci5jb21cL3dwLWNvbnRlbnRcL3VwbG9hZHNcLzIwMjRcLzAxXC9leHRCdXMuanBlZyIsInNsaWRlc2hvdyI6IjVlMzI5NjgifQ%3D%3D\" href=\"https:\/\/sovistourecuador.com\/wp-content\/uploads\/2024\/01\/extBus.jpeg\"><figure class=\"swiper-slide-inner\"><img decoding=\"async\" class=\"swiper-slide-image\" src=\"https:\/\/sovistourecuador.com\/wp-content\/uploads\/2024\/01\/extBus.jpeg\" alt=\"extBus\" \/><\/figure><\/a><\/div><div class=\"swiper-slide\" role=\"group\" aria-roledescription=\"slide\" aria-label=\"8 of 13\" data-no-translation-aria-label=\"\"><a data-elementor-open-lightbox=\"yes\" data-elementor-lightbox-slideshow=\"5e32968\" data-elementor-lightbox-title=\"extBus2\" data-e-action-hash=\"#elementor-action%3Aaction%3Dlightbox%26settings%3DeyJpZCI6NzM5LCJ1cmwiOiJodHRwczpcL1wvc292aXN0b3VyZWN1YWRvci5jb21cL3dwLWNvbnRlbnRcL3VwbG9hZHNcLzIwMjRcLzAxXC9leHRCdXMyLmpwZWciLCJzbGlkZXNob3ciOiI1ZTMyOTY4In0%3D\" href=\"https:\/\/sovistourecuador.com\/wp-content\/uploads\/2024\/01\/extBus2.jpeg\"><figure class=\"swiper-slide-inner\"><img decoding=\"async\" class=\"swiper-slide-image\" src=\"https:\/\/sovistourecuador.com\/wp-content\/uploads\/2024\/01\/extBus2.jpeg\" alt=\"extBus2\" \/><\/figure><\/a><\/div><div class=\"swiper-slide\" role=\"group\" aria-roledescription=\"slide\" aria-label=\"9 of 13\" data-no-translation-aria-label=\"\"><a data-elementor-open-lightbox=\"yes\" data-elementor-lightbox-slideshow=\"5e32968\" data-elementor-lightbox-title=\"extFurgo\" data-e-action-hash=\"#elementor-action%3Aaction%3Dlightbox%26settings%3DeyJpZCI6NzQwLCJ1cmwiOiJodHRwczpcL1wvc292aXN0b3VyZWN1YWRvci5jb21cL3dwLWNvbnRlbnRcL3VwbG9hZHNcLzIwMjRcLzAxXC9leHRGdXJnby5qcGVnIiwic2xpZGVzaG93IjoiNWUzMjk2OCJ9\" href=\"https:\/\/sovistourecuador.com\/wp-content\/uploads\/2024\/01\/extFurgo.jpeg\"><figure class=\"swiper-slide-inner\"><img decoding=\"async\" class=\"swiper-slide-image\" src=\"https:\/\/sovistourecuador.com\/wp-content\/uploads\/2024\/01\/extFurgo.jpeg\" alt=\"extFurgo\" \/><\/figure><\/a><\/div><div class=\"swiper-slide\" role=\"group\" aria-roledescription=\"slide\" aria-label=\"10 of 13\" data-no-translation-aria-label=\"\"><a data-elementor-open-lightbox=\"yes\" data-elementor-lightbox-slideshow=\"5e32968\" data-elementor-lightbox-title=\"extFurgo1\" data-e-action-hash=\"#elementor-action%3Aaction%3Dlightbox%26settings%3DeyJpZCI6NzQxLCJ1cmwiOiJodHRwczpcL1wvc292aXN0b3VyZWN1YWRvci5jb21cL3dwLWNvbnRlbnRcL3VwbG9hZHNcLzIwMjRcLzAxXC9leHRGdXJnbzEuanBlZyIsInNsaWRlc2hvdyI6IjVlMzI5NjgifQ%3D%3D\" href=\"https:\/\/sovistourecuador.com\/wp-content\/uploads\/2024\/01\/extFurgo1.jpeg\"><figure class=\"swiper-slide-inner\"><img decoding=\"async\" class=\"swiper-slide-image\" src=\"https:\/\/sovistourecuador.com\/wp-content\/uploads\/2024\/01\/extFurgo1.jpeg\" alt=\"extFurgo1\" \/><\/figure><\/a><\/div><div class=\"swiper-slide\" role=\"group\" aria-roledescription=\"slide\" aria-label=\"11 of 13\" data-no-translation-aria-label=\"\"><a data-elementor-open-lightbox=\"yes\" data-elementor-lightbox-slideshow=\"5e32968\" data-elementor-lightbox-title=\"tvBus1\" data-e-action-hash=\"#elementor-action%3Aaction%3Dlightbox%26settings%3DeyJpZCI6NzQyLCJ1cmwiOiJodHRwczpcL1wvc292aXN0b3VyZWN1YWRvci5jb21cL3dwLWNvbnRlbnRcL3VwbG9hZHNcLzIwMjRcLzAxXC90dkJ1czEuanBlZyIsInNsaWRlc2hvdyI6IjVlMzI5NjgifQ%3D%3D\" href=\"https:\/\/sovistourecuador.com\/wp-content\/uploads\/2024\/01\/tvBus1.jpeg\"><figure class=\"swiper-slide-inner\"><img decoding=\"async\" class=\"swiper-slide-image\" src=\"https:\/\/sovistourecuador.com\/wp-content\/uploads\/2024\/01\/tvBus1.jpeg\" alt=\"tvBus1\" \/><\/figure><\/a><\/div><div class=\"swiper-slide\" role=\"group\" aria-roledescription=\"slide\" aria-label=\"12 of 13\" data-no-translation-aria-label=\"\"><a data-elementor-open-lightbox=\"yes\" data-elementor-lightbox-slideshow=\"5e32968\" data-elementor-lightbox-title=\"tvBus2\" data-e-action-hash=\"#elementor-action%3Aaction%3Dlightbox%26settings%3DeyJpZCI6NzQzLCJ1cmwiOiJodHRwczpcL1wvc292aXN0b3VyZWN1YWRvci5jb21cL3dwLWNvbnRlbnRcL3VwbG9hZHNcLzIwMjRcLzAxXC90dkJ1czIuanBlZyIsInNsaWRlc2hvdyI6IjVlMzI5NjgifQ%3D%3D\" href=\"https:\/\/sovistourecuador.com\/wp-content\/uploads\/2024\/01\/tvBus2.jpeg\"><figure class=\"swiper-slide-inner\"><img decoding=\"async\" class=\"swiper-slide-image\" src=\"https:\/\/sovistourecuador.com\/wp-content\/uploads\/2024\/01\/tvBus2.jpeg\" alt=\"tvBus2\" \/><\/figure><\/a><\/div><div class=\"swiper-slide\" role=\"group\" aria-roledescription=\"slide\" aria-label=\"13 of 13\" data-no-translation-aria-label=\"\"><a data-elementor-open-lightbox=\"yes\" data-elementor-lightbox-slideshow=\"5e32968\" data-elementor-lightbox-title=\"usbBus\" data-e-action-hash=\"#elementor-action%3Aaction%3Dlightbox%26settings%3DeyJpZCI6NzQ0LCJ1cmwiOiJodHRwczpcL1wvc292aXN0b3VyZWN1YWRvci5jb21cL3dwLWNvbnRlbnRcL3VwbG9hZHNcLzIwMjRcLzAxXC91c2JCdXMuanBlZyIsInNsaWRlc2hvdyI6IjVlMzI5NjgifQ%3D%3D\" href=\"https:\/\/sovistourecuador.com\/wp-content\/uploads\/2024\/01\/usbBus.jpeg\"><figure class=\"swiper-slide-inner\"><img decoding=\"async\" class=\"swiper-slide-image\" src=\"https:\/\/sovistourecuador.com\/wp-content\/uploads\/2024\/01\/usbBus.jpeg\" alt=\"usbBus\" \/><\/figure><\/a><\/div>\t\t\t<\/div>\n\t\t\t\t\t\t\t\n\t\t\t\t\t\t\t\t\t<\/div>\n\t\t\t\t\t\t<\/div>\n\t\t\t\t<\/div>\n\t\t\t\t\t<\/div>\n\t\t\t\t<\/div>\n\t\t<div data-particle_enable=\"false\" data-particle-mobile-disabled=\"false\" class=\"elementor-element elementor-element-a377cd1 e-flex e-con-boxed e-con e-parent\" data-id=\"a377cd1\" data-element_type=\"container\" data-e-type=\"container\" data-settings=\"{&quot;background_background&quot;:&quot;classic&quot;}\">\n\t\t\t\t\t<div class=\"e-con-inner\">\n\t\t<div data-particle_enable=\"false\" data-particle-mobile-disabled=\"false\" class=\"elementor-element elementor-element-583b82d e-con-full animated-slow e-flex elementor-invisible e-con e-child\" data-id=\"583b82d\" data-element_type=\"container\" data-e-type=\"container\" data-settings=\"{&quot;animation&quot;:&quot;zoomIn&quot;}\">\n\t\t\t\t<div class=\"elementor-element elementor-element-45af417 animated-slow heartbeat elementor-widget elementor-widget-image\" data-id=\"45af417\" data-element_type=\"widget\" data-e-type=\"widget\" data-settings=\"{&quot;_animation&quot;:&quot;none&quot;}\" data-widget_type=\"image.default\">\n\t\t\t\t<div class=\"elementor-widget-container\">\n\t\t\t\t\t\t\t\t\t\t\t\t\t\t\t\t<a href=\"https:\/\/api.whatsapp.com\/send?phone=593980825308\" target=\"_blank\">\n\t\t\t\t\t\t\t<img decoding=\"async\" src=\"https:\/\/sovistourecuador.com\/wp-content\/uploads\/elementor\/thumbs\/whatsapp-qt64q6au4k27gpgf3flgudastkfo2f9ia3tt2dvffs.png\" title=\"whatsapp\" alt=\"whatsapp\" loading=\"lazy\" \/>\t\t\t\t\t\t\t\t<\/a>\n\t\t\t\t\t\t\t\t\t\t\t\t\t\t\t<\/div>\n\t\t\t\t<\/div>\n\t\t\t\t<\/div>\n\t\t<a data-particle_enable=\"false\" data-particle-mobile-disabled=\"false\" class=\"elementor-element elementor-element-4678b8b e-con-full grow-effect e-flex e-con e-child\" data-id=\"4678b8b\" data-element_type=\"container\" data-e-type=\"container\" data-settings=\"{&quot;animation&quot;:&quot;none&quot;}\" href=\"https:\/\/api.whatsapp.com\/send?phone=593980825308\" target=\"_blank\">\n\t\t\t\t<div class=\"elementor-element elementor-element-fe04e5f animated-slow elementor-invisible elementor-widget elementor-widget-heading\" data-id=\"fe04e5f\" data-element_type=\"widget\" data-e-type=\"widget\" data-settings=\"{&quot;_animation&quot;:&quot;fadeInRight&quot;}\" data-widget_type=\"heading.default\">\n\t\t\t\t<div class=\"elementor-widget-container\">\n\t\t\t\t\t<h2 class=\"elementor-heading-title elementor-size-default\">Do you like our services?<\/h2>\t\t\t\t<\/div>\n\t\t\t\t<\/div>\n\t\t\t\t<div class=\"elementor-element elementor-element-fc20a68 animated-slow elementor-invisible elementor-widget elementor-widget-heading\" data-id=\"fc20a68\" data-element_type=\"widget\" data-e-type=\"widget\" data-settings=\"{&quot;_animation&quot;:&quot;fadeInLeft&quot;}\" data-widget_type=\"heading.default\">\n\t\t\t\t<div class=\"elementor-widget-container\">\n\t\t\t\t\t<h2 class=\"elementor-heading-title elementor-size-default\">Write us on WhatsApp and we will respond immediately.<\/h2>\t\t\t\t<\/div>\n\t\t\t\t<\/div>\n\t\t\t\t<\/a>\n\t\t\t\t\t<\/div>\n\t\t\t\t<\/div>\n\t\t\t\t<\/div>","protected":false},"excerpt":{"rendered":"<p>https:\/\/www.youtube.com\/watch?v=g6SwyoItkm0 Las unidades son exclusivas con el fin de brindar la comodidad a los turistas nacionales y extranjeros con los siguientes servicios: Aire Acondicionado. Calefacci\u00f3n. WiFi. Puertos USB en cada asiento (carga de celulares). Nevera. Asiento tipo coche cama. Karaoke. Televisi\u00f3n. Viaje con nosotros, estaremos gustosos de atenderle Sovistourecuador Cia. Ltda. junto a las compa\u00f1\u00edas [&hellip;]<\/p>\n","protected":false},"author":1,"featured_media":0,"parent":0,"menu_order":0,"comment_status":"closed","ping_status":"closed","template":"","meta":{"footnotes":""},"class_list":["post-727","page","type-page","status-publish","hentry"],"_links":{"self":[{"href":"https:\/\/sovistourecuador.com\/en\/wp-json\/wp\/v2\/pages\/727","targetHints":{"allow":["GET"]}}],"collection":[{"href":"https:\/\/sovistourecuador.com\/en\/wp-json\/wp\/v2\/pages"}],"about":[{"href":"https:\/\/sovistourecuador.com\/en\/wp-json\/wp\/v2\/types\/page"}],"author":[{"embeddable":true,"href":"https:\/\/sovistourecuador.com\/en\/wp-json\/wp\/v2\/users\/1"}],"replies":[{"embeddable":true,"href":"https:\/\/sovistourecuador.com\/en\/wp-json\/wp\/v2\/comments?post=727"}],"version-history":[{"count":0,"href":"https:\/\/sovistourecuador.com\/en\/wp-json\/wp\/v2\/pages\/727\/revisions"}],"wp:attachment":[{"href":"https:\/\/sovistourecuador.com\/en\/wp-json\/wp\/v2\/media?parent=727"}],"curies":[{"name":"wp","href":"https:\/\/api.w.org\/{rel}","templated":true}]}}