{"id":814,"date":"2024-01-11T23:48:36","date_gmt":"2024-01-11T22:48:36","guid":{"rendered":"https:\/\/sovistourecuador.com\/?page_id=814"},"modified":"2025-04-01T03:46:46","modified_gmt":"2025-04-01T01:46:46","slug":"quienes-somos","status":"publish","type":"page","link":"https:\/\/sovistourecuador.com\/en\/quienes-somos\/","title":{"rendered":"About us"},"content":{"rendered":"<div data-elementor-type=\"wp-page\" data-elementor-id=\"814\" class=\"elementor elementor-814\" data-elementor-post-type=\"page\">\n\t\t\t\t<div data-particle_enable=\"false\" data-particle-mobile-disabled=\"false\" class=\"elementor-element elementor-element-e6f8fb8 e-flex e-con-boxed elementor-invisible e-con e-parent\" data-id=\"e6f8fb8\" data-element_type=\"container\" data-e-type=\"container\" data-settings=\"{&quot;animation&quot;:&quot;fadeInDown&quot;}\">\n\t\t\t\t\t<div class=\"e-con-inner\">\n\t\t\t\t<div class=\"elementor-element elementor-element-22f4546 elementor-widget elementor-widget-image\" data-id=\"22f4546\" data-element_type=\"widget\" data-e-type=\"widget\" data-widget_type=\"image.default\">\n\t\t\t\t<div class=\"elementor-widget-container\">\n\t\t\t\t\t\t\t\t\t\t\t\t\t\t\t<img fetchpriority=\"high\" decoding=\"async\" width=\"2839\" height=\"952\" src=\"https:\/\/sovistourecuador.com\/wp-content\/uploads\/2023\/12\/logoWeb.png\" class=\"attachment-full size-full wp-image-33\" alt=\"\" srcset=\"https:\/\/sovistourecuador.com\/wp-content\/uploads\/2023\/12\/logoWeb.png 2839w, https:\/\/sovistourecuador.com\/wp-content\/uploads\/2023\/12\/logoWeb-300x101.png 300w, https:\/\/sovistourecuador.com\/wp-content\/uploads\/2023\/12\/logoWeb-1024x343.png 1024w, https:\/\/sovistourecuador.com\/wp-content\/uploads\/2023\/12\/logoWeb-768x258.png 768w, https:\/\/sovistourecuador.com\/wp-content\/uploads\/2023\/12\/logoWeb-1536x515.png 1536w, https:\/\/sovistourecuador.com\/wp-content\/uploads\/2023\/12\/logoWeb-2048x687.png 2048w\" sizes=\"(max-width: 2839px) 100vw, 2839px\" \/>\t\t\t\t\t\t\t\t\t\t\t\t\t\t\t<\/div>\n\t\t\t\t<\/div>\n\t\t\t\t\t<\/div>\n\t\t\t\t<\/div>\n\t\t<div data-particle_enable=\"false\" data-particle-mobile-disabled=\"false\" class=\"elementor-element elementor-element-0d3bfd3 animated-slow e-flex e-con-boxed elementor-invisible e-con e-parent\" data-id=\"0d3bfd3\" data-element_type=\"container\" data-e-type=\"container\" data-settings=\"{&quot;animation&quot;:&quot;fadeInLeft&quot;}\">\n\t\t\t\t\t<div class=\"e-con-inner\">\n\t\t<div data-particle_enable=\"false\" data-particle-mobile-disabled=\"false\" class=\"elementor-element elementor-element-4b38b91 e-con-full e-flex e-con e-child\" data-id=\"4b38b91\" data-element_type=\"container\" data-e-type=\"container\">\n\t\t\t\t<div class=\"elementor-element elementor-element-90d9582 elementor-widget elementor-widget-image\" data-id=\"90d9582\" data-element_type=\"widget\" data-e-type=\"widget\" data-widget_type=\"image.default\">\n\t\t\t\t<div class=\"elementor-widget-container\">\n\t\t\t\t\t\t\t\t\t\t\t\t\t\t\t<img decoding=\"async\" width=\"600\" height=\"450\" src=\"https:\/\/sovistourecuador.com\/wp-content\/uploads\/2024\/01\/ColibriQuieSomos.png\" class=\"attachment-large size-large wp-image-816\" alt=\"\" srcset=\"https:\/\/sovistourecuador.com\/wp-content\/uploads\/2024\/01\/ColibriQuieSomos.png 600w, https:\/\/sovistourecuador.com\/wp-content\/uploads\/2024\/01\/ColibriQuieSomos-300x225.png 300w, https:\/\/sovistourecuador.com\/wp-content\/uploads\/2024\/01\/ColibriQuieSomos-400x300.png 400w\" sizes=\"(max-width: 600px) 100vw, 600px\" \/>\t\t\t\t\t\t\t\t\t\t\t\t\t\t\t<\/div>\n\t\t\t\t<\/div>\n\t\t\t\t<div class=\"elementor-element elementor-element-18b2adb elementor-widget elementor-widget-heading\" data-id=\"18b2adb\" data-element_type=\"widget\" data-e-type=\"widget\" data-widget_type=\"heading.default\">\n\t\t\t\t<div class=\"elementor-widget-container\">\n\t\t\t\t\t<h2 class=\"elementor-heading-title elementor-size-default\">We offer services of:<\/h2>\t\t\t\t<\/div>\n\t\t\t\t<\/div>\n\t\t\t\t<div class=\"elementor-element elementor-element-49d3f16 elementor-widget elementor-widget-text-editor\" data-id=\"49d3f16\" data-element_type=\"widget\" data-e-type=\"widget\" data-widget_type=\"text-editor.default\">\n\t\t\t\t<div class=\"elementor-widget-container\">\n\t\t\t\t\t\t\t\t\t<ul><li><p>Visa advice and processing.<\/p><\/li><li><p>Passport advice and processing.<\/p><\/li><li><p>Sale of insurance policies.<\/p><\/li><li><p>Sale and reservation of national and international airline tickets.<\/p><\/li><li><p>Sale of national and international tours.<\/p><\/li><li><p>Accommodation reservations inside and outside the country.<\/p><\/li><li><p>Vehicle rentals within and outside the country.<\/p><\/li><li><p>Excursions.<\/p><\/li><li><p>Cruises With and Without VISA.<\/p><\/li><li><p>And everything related to tourism, at the best prices on the market.<\/p><\/li><\/ul>\t\t\t\t\t\t\t\t<\/div>\n\t\t\t\t<\/div>\n\t\t\t\t<\/div>\n\t\t<div data-particle_enable=\"false\" data-particle-mobile-disabled=\"false\" class=\"elementor-element elementor-element-80456c8 e-con-full e-flex e-con e-child\" data-id=\"80456c8\" data-element_type=\"container\" data-e-type=\"container\">\n\t\t\t\t<div class=\"elementor-element elementor-element-d9d8b91 elementor-widget elementor-widget-heading\" data-id=\"d9d8b91\" data-element_type=\"widget\" data-e-type=\"widget\" data-widget_type=\"heading.default\">\n\t\t\t\t<div class=\"elementor-widget-container\">\n\t\t\t\t\t<h2 class=\"elementor-heading-title elementor-size-default\">About us<\/h2>\t\t\t\t<\/div>\n\t\t\t\t<\/div>\n\t\t\t\t<div class=\"elementor-element elementor-element-621f02c elementor-widget elementor-widget-text-editor\" data-id=\"621f02c\" data-element_type=\"widget\" data-e-type=\"widget\" data-widget_type=\"text-editor.default\">\n\t\t\t\t<div class=\"elementor-widget-container\">\n\t\t\t\t\t\t\t\t\t<p>We are a travel agency and tour operator that, throughout our history in the tourism industry, has provided quality and professional services to each of our clients. We hold all the necessary annual licenses and tourist operating permits. The excellence of our services in Spanish, English, and French makes the difference. We make your business or leisure trip an unforgettable experience.<\/p>\t\t\t\t\t\t\t\t<\/div>\n\t\t\t\t<\/div>\n\t\t\t\t<div class=\"elementor-element elementor-element-00d2848 elementor-widget elementor-widget-video\" data-id=\"00d2848\" data-element_type=\"widget\" data-e-type=\"widget\" data-settings=\"{&quot;youtube_url&quot;:&quot;https:\\\/\\\/www.youtube.com\\\/watch?v=bRKTe2llqE0&amp;t=2s&quot;,&quot;video_type&quot;:&quot;youtube&quot;}\" data-widget_type=\"video.default\">\n\t\t\t\t<div class=\"elementor-widget-container\">\n\t\t\t\t\t\t\t<div class=\"elementor-wrapper elementor-open-inline\">\n\t\t\t<div class=\"elementor-video\"><\/div>\t\t<\/div>\n\t\t\t\t\t\t<\/div>\n\t\t\t\t<\/div>\n\t\t\t\t<div class=\"elementor-element elementor-element-cd640f4 elementor-hidden-tablet elementor-hidden-mobile elementor-widget elementor-widget-image\" data-id=\"cd640f4\" data-element_type=\"widget\" data-e-type=\"widget\" data-widget_type=\"image.default\">\n\t\t\t\t<div class=\"elementor-widget-container\">\n\t\t\t\t\t\t\t\t\t\t\t\t\t\t\t<img decoding=\"async\" width=\"700\" height=\"700\" src=\"https:\/\/sovistourecuador.com\/wp-content\/uploads\/2024\/02\/regionesQuieSomos.jpg\" class=\"attachment-large size-large wp-image-3532\" alt=\"Quienes somos\" srcset=\"https:\/\/sovistourecuador.com\/wp-content\/uploads\/2024\/02\/regionesQuieSomos.jpg 700w, https:\/\/sovistourecuador.com\/wp-content\/uploads\/2024\/02\/regionesQuieSomos-300x300.jpg 300w\" sizes=\"(max-width: 700px) 100vw, 700px\" \/>\t\t\t\t\t\t\t\t\t\t\t\t\t\t\t<\/div>\n\t\t\t\t<\/div>\n\t\t\t\t<\/div>\n\t\t\t\t\t<\/div>\n\t\t\t\t<\/div>\n\t\t<div data-particle_enable=\"false\" data-particle-mobile-disabled=\"false\" class=\"elementor-element elementor-element-63b7010 animated-slow e-flex e-con-boxed elementor-invisible e-con e-parent\" data-id=\"63b7010\" data-element_type=\"container\" data-e-type=\"container\" data-settings=\"{&quot;animation&quot;:&quot;fadeInRight&quot;}\">\n\t\t\t\t\t<div class=\"e-con-inner\">\n\t\t<div data-particle_enable=\"false\" data-particle-mobile-disabled=\"false\" class=\"elementor-element elementor-element-b1cd80a e-con-full e-flex e-con e-child\" data-id=\"b1cd80a\" data-element_type=\"container\" data-e-type=\"container\">\n\t\t\t\t<div class=\"elementor-element elementor-element-9419650 elementor-widget elementor-widget-image\" data-id=\"9419650\" data-element_type=\"widget\" data-e-type=\"widget\" data-widget_type=\"image.default\">\n\t\t\t\t<div class=\"elementor-widget-container\">\n\t\t\t\t\t\t\t\t\t\t\t\t\t\t\t<img loading=\"lazy\" decoding=\"async\" width=\"850\" height=\"850\" src=\"https:\/\/sovistourecuador.com\/wp-content\/uploads\/2024\/01\/cuicocha-1024x1024.jpeg\" class=\"attachment-large size-large wp-image-822\" alt=\"\" srcset=\"https:\/\/sovistourecuador.com\/wp-content\/uploads\/2024\/01\/cuicocha-1024x1024.jpeg 1024w, https:\/\/sovistourecuador.com\/wp-content\/uploads\/2024\/01\/cuicocha-300x300.jpeg 300w, https:\/\/sovistourecuador.com\/wp-content\/uploads\/2024\/01\/cuicocha-768x768.jpeg 768w, https:\/\/sovistourecuador.com\/wp-content\/uploads\/2024\/01\/cuicocha.jpeg 1440w\" sizes=\"(max-width: 850px) 100vw, 850px\" \/>\t\t\t\t\t\t\t\t\t\t\t\t\t\t\t<\/div>\n\t\t\t\t<\/div>\n\t\t\t\t<\/div>\n\t\t<div data-particle_enable=\"false\" data-particle-mobile-disabled=\"false\" class=\"elementor-element elementor-element-46ba5c4 e-con-full e-flex e-con e-child\" data-id=\"46ba5c4\" data-element_type=\"container\" data-e-type=\"container\">\n\t\t\t\t<div class=\"elementor-element elementor-element-0af336f content-align--mobilecta-center content-align-cta-default elementor-widget elementor-widget-eael-cta-box\" data-id=\"0af336f\" data-element_type=\"widget\" data-e-type=\"widget\" data-widget_type=\"eael-cta-box.default\">\n\t\t\t\t<div class=\"elementor-widget-container\">\n\t\t\t\t\t\t\t<div class=\"eael-call-to-action cta-basic bg-lite cta-preset-1\">\n        <h2 class=\"title eael-cta-heading\">Mission<\/h2><p><strong>SOVISTOURECUADOR,<\/strong> Its purpose is to provide appropriate and effective service to meet the needs and expectations of passengers who require our tourist packages and\/or services for any of their trips, whether for business, pleasure, family, events, etc.<\/p><a href=\"#\" class=\"cta-button cta-preset-1\">click here<\/a>\t<\/div>\n\t\t\t\t\t\t\t\t<\/div>\n\t\t\t\t<\/div>\n\t\t\t\t<div class=\"elementor-element elementor-element-1c2846f content-align-cta-default elementor-widget elementor-widget-eael-cta-box\" data-id=\"1c2846f\" data-element_type=\"widget\" data-e-type=\"widget\" data-widget_type=\"eael-cta-box.default\">\n\t\t\t\t<div class=\"elementor-widget-container\">\n\t\t\t\t\t\t\t<div class=\"eael-call-to-action cta-basic bg-lite cta-preset-1\">\n        <h2 class=\"title eael-cta-heading\">Vision<\/h2><p>We offer innovative tourism services and maintain our position as a leading wholesaler recognized in the country and around the world, through the high quality and professional ethics that characterize us as a company. Through this, we are the best choice for vacationers. We are committed to being our customers' allies for productivity and competitiveness in the tourism industry.<\/p><a href=\"#\" class=\"cta-button cta-preset-1\">click here<\/a>\t<\/div>\n\t\t\t\t\t\t\t\t<\/div>\n\t\t\t\t<\/div>\n\t\t\t\t<\/div>\n\t\t\t\t\t<\/div>\n\t\t\t\t<\/div>\n\t\t\t\t<\/div>","protected":false},"excerpt":{"rendered":"<p>Ofrecemos servicios de: Asesor\u00eda y tr\u00e1mite de visados. Asesor\u00eda y tr\u00e1mite de pasaportes. Venta de p\u00f3lizas de seguro. Venta y Reserva de tickets a\u00e9reos nacionales e internacionales. Venta de tours nacionales e internacionales . Reservas de Alojamiento dentro y fuera del pa\u00eds. Alquiler de veh\u00edculos dentro y fuera del pa\u00eds. Excursiones. Cruceros Con y Sin [&hellip;]<\/p>\n","protected":false},"author":1,"featured_media":0,"parent":0,"menu_order":0,"comment_status":"closed","ping_status":"closed","template":"","meta":{"footnotes":""},"class_list":["post-814","page","type-page","status-publish","hentry"],"_links":{"self":[{"href":"https:\/\/sovistourecuador.com\/en\/wp-json\/wp\/v2\/pages\/814","targetHints":{"allow":["GET"]}}],"collection":[{"href":"https:\/\/sovistourecuador.com\/en\/wp-json\/wp\/v2\/pages"}],"about":[{"href":"https:\/\/sovistourecuador.com\/en\/wp-json\/wp\/v2\/types\/page"}],"author":[{"embeddable":true,"href":"https:\/\/sovistourecuador.com\/en\/wp-json\/wp\/v2\/users\/1"}],"replies":[{"embeddable":true,"href":"https:\/\/sovistourecuador.com\/en\/wp-json\/wp\/v2\/comments?post=814"}],"version-history":[{"count":0,"href":"https:\/\/sovistourecuador.com\/en\/wp-json\/wp\/v2\/pages\/814\/revisions"}],"wp:attachment":[{"href":"https:\/\/sovistourecuador.com\/en\/wp-json\/wp\/v2\/media?parent=814"}],"curies":[{"name":"wp","href":"https:\/\/api.w.org\/{rel}","templated":true}]}}