{"id":1043,"date":"2024-01-15T15:59:23","date_gmt":"2024-01-15T14:59:23","guid":{"rendered":"https:\/\/sovistourecuador.com\/?page_id=1043"},"modified":"2025-04-01T04:20:57","modified_gmt":"2025-04-01T02:20:57","slug":"destinos-nacionales","status":"publish","type":"page","link":"https:\/\/sovistourecuador.com\/fr\/destinos-nacionales\/","title":{"rendered":"Destinations nationales"},"content":{"rendered":"<div data-elementor-type=\"wp-page\" data-elementor-id=\"1043\" class=\"elementor elementor-1043\" data-elementor-post-type=\"page\">\n\t\t\t\t<div data-particle_enable=\"false\" data-particle-mobile-disabled=\"false\" class=\"elementor-element elementor-element-fc4120c e-flex e-con-boxed elementor-invisible e-con e-parent\" data-id=\"fc4120c\" data-element_type=\"container\" data-e-type=\"container\" data-settings=\"{&quot;animation&quot;:&quot;fadeInDown&quot;}\">\n\t\t\t\t\t<div class=\"e-con-inner\">\n\t\t\t\t<div class=\"elementor-element elementor-element-4e3219a elementor-widget elementor-widget-heading\" data-id=\"4e3219a\" data-element_type=\"widget\" data-e-type=\"widget\" data-widget_type=\"heading.default\">\n\t\t\t\t<div class=\"elementor-widget-container\">\n\t\t\t\t\t<h2 class=\"elementor-heading-title elementor-size-default\">Destinations nationales<\/h2>\t\t\t\t<\/div>\n\t\t\t\t<\/div>\n\t\t\t\t\t<\/div>\n\t\t\t\t<\/div>\n\t\t<div data-particle_enable=\"false\" data-particle-mobile-disabled=\"false\" class=\"elementor-element elementor-element-5038e16 e-flex e-con-boxed elementor-invisible e-con e-parent\" data-id=\"5038e16\" data-element_type=\"container\" data-e-type=\"container\" data-settings=\"{&quot;animation&quot;:&quot;fadeInLeft&quot;}\">\n\t\t\t\t\t<div class=\"e-con-inner\">\n\t\t<div data-particle_enable=\"false\" data-particle-mobile-disabled=\"false\" class=\"elementor-element elementor-element-a33adf3 e-con-full e-flex e-con e-child\" data-id=\"a33adf3\" data-element_type=\"container\" data-e-type=\"container\">\n\t\t\t\t<div class=\"elementor-element elementor-element-264752d elementor-widget elementor-widget-image\" data-id=\"264752d\" data-element_type=\"widget\" data-e-type=\"widget\" data-widget_type=\"image.default\">\n\t\t\t\t<div class=\"elementor-widget-container\">\n\t\t\t\t\t\t\t\t\t\t\t\t\t\t\t<img fetchpriority=\"high\" decoding=\"async\" width=\"850\" height=\"567\" src=\"https:\/\/sovistourecuador.com\/wp-content\/uploads\/2024\/01\/aventura-1024x683.jpeg\" class=\"attachment-large size-large wp-image-1040\" alt=\"\" srcset=\"https:\/\/sovistourecuador.com\/wp-content\/uploads\/2024\/01\/aventura-1024x683.jpeg 1024w, https:\/\/sovistourecuador.com\/wp-content\/uploads\/2024\/01\/aventura-300x200.jpeg 300w, https:\/\/sovistourecuador.com\/wp-content\/uploads\/2024\/01\/aventura-768x512.jpeg 768w, https:\/\/sovistourecuador.com\/wp-content\/uploads\/2024\/01\/aventura-1536x1024.jpeg 1536w, https:\/\/sovistourecuador.com\/wp-content\/uploads\/2024\/01\/aventura-2048x1366.jpeg 2048w\" sizes=\"(max-width: 850px) 100vw, 850px\" \/>\t\t\t\t\t\t\t\t\t\t\t\t\t\t\t<\/div>\n\t\t\t\t<\/div>\n\t\t\t\t<\/div>\n\t\t<div data-particle_enable=\"false\" data-particle-mobile-disabled=\"false\" class=\"elementor-element elementor-element-4bd1bd7 e-con-full e-flex e-con e-child\" data-id=\"4bd1bd7\" data-element_type=\"container\" data-e-type=\"container\">\n\t\t\t\t<div class=\"elementor-element elementor-element-c2d7b4a content-align-cta-center elementor-widget elementor-widget-eael-cta-box\" data-id=\"c2d7b4a\" data-element_type=\"widget\" data-e-type=\"widget\" data-widget_type=\"eael-cta-box.default\">\n\t\t\t\t<div class=\"elementor-widget-container\">\n\t\t\t\t\t\t\t<div class=\"eael-call-to-action cta-basic bg-lite cta-preset-1\">\n        <p>Envie d'aventure ? Nous vous proposons diff\u00e9rents forfaits, en France comme \u00e0 l'\u00e9tranger, pour vivre les plus belles aventures du pays avec vos amis, votre famille ou votre partenaire. Venez d\u00e9couvrir les quatre coins du monde, avec des destinations que vous n'imaginerez pas \u00eatre dans votre pays natal. Une aventure inoubliable, faite de sports extr\u00eames et de sauts de falaise.<\/p><a href=\"https:\/\/sovistourecuador.com\/fr\/aventuras\/\" class=\"cta-button cta-preset-1  effect-1\">Voir notre offre<\/a>\t<\/div>\n\t\t\t\t\t\t\t\t<\/div>\n\t\t\t\t<\/div>\n\t\t\t\t<\/div>\n\t\t\t\t\t<\/div>\n\t\t\t\t<\/div>\n\t\t<div data-particle_enable=\"false\" data-particle-mobile-disabled=\"false\" class=\"elementor-element elementor-element-395d994 e-flex e-con-boxed elementor-invisible e-con e-parent\" data-id=\"395d994\" data-element_type=\"container\" data-e-type=\"container\" data-settings=\"{&quot;animation&quot;:&quot;fadeInRight&quot;}\">\n\t\t\t\t\t<div class=\"e-con-inner\">\n\t\t<div data-particle_enable=\"false\" data-particle-mobile-disabled=\"false\" class=\"elementor-element elementor-element-5cc90a6 e-con-full e-flex e-con e-child\" data-id=\"5cc90a6\" data-element_type=\"container\" data-e-type=\"container\">\n\t\t\t\t<div class=\"elementor-element elementor-element-cb9b043 content-align-cta-center elementor-widget elementor-widget-eael-cta-box\" data-id=\"cb9b043\" data-element_type=\"widget\" data-e-type=\"widget\" data-widget_type=\"eael-cta-box.default\">\n\t\t\t\t<div class=\"elementor-widget-container\">\n\t\t\t\t\t\t\t<div class=\"eael-call-to-action cta-basic bg-lite cta-preset-1\">\n        <p>Envie d'\u00e9chapper \u00e0 la routine ? Avec nous, d\u00e9couvrez les diff\u00e9rents sites touristiques continentaux de l'\u00c9quateur : sa c\u00f4te, ses majestueux paysages interandins et l'immense diversit\u00e9 de sa vaste for\u00eat amazonienne. \u00c9vadez-vous pour d\u00e9couvrir nos magnifiques plages, sa flore, sa faune et tout ce que Dieu nous a donn\u00e9. D\u00e9couvrez le v\u00e9ritable \u00c9den en \u00c9quateur, la v\u00e9ritable destination des quatre mondes, une destination o\u00f9 vous pourrez vous d\u00e9connecter du quotidien et profiter des endroits les plus recul\u00e9s et cach\u00e9s de notre pays.<\/p><a href=\"https:\/\/sovistourecuador.com\/fr\/escapada\/\" class=\"cta-button cta-preset-1  effect-1\">Voir notre offre<\/a>\t<\/div>\n\t\t\t\t\t\t\t\t<\/div>\n\t\t\t\t<\/div>\n\t\t\t\t<\/div>\n\t\t<div data-particle_enable=\"false\" data-particle-mobile-disabled=\"false\" class=\"elementor-element elementor-element-e59d7bf e-con-full e-flex e-con e-child\" data-id=\"e59d7bf\" data-element_type=\"container\" data-e-type=\"container\">\n\t\t\t\t<div class=\"elementor-element elementor-element-8a83f0a elementor-widget elementor-widget-image\" data-id=\"8a83f0a\" data-element_type=\"widget\" data-e-type=\"widget\" data-widget_type=\"image.default\">\n\t\t\t\t<div class=\"elementor-widget-container\">\n\t\t\t\t\t\t\t\t\t\t\t\t\t\t\t<img decoding=\"async\" width=\"850\" height=\"567\" src=\"https:\/\/sovistourecuador.com\/wp-content\/uploads\/2024\/01\/escapadasPort-1024x683.jpeg\" class=\"attachment-large size-large wp-image-2085\" alt=\"\" srcset=\"https:\/\/sovistourecuador.com\/wp-content\/uploads\/2024\/01\/escapadasPort-1024x683.jpeg 1024w, https:\/\/sovistourecuador.com\/wp-content\/uploads\/2024\/01\/escapadasPort-300x200.jpeg 300w, https:\/\/sovistourecuador.com\/wp-content\/uploads\/2024\/01\/escapadasPort-768x512.jpeg 768w, https:\/\/sovistourecuador.com\/wp-content\/uploads\/2024\/01\/escapadasPort-1536x1024.jpeg 1536w, https:\/\/sovistourecuador.com\/wp-content\/uploads\/2024\/01\/escapadasPort-2048x1366.jpeg 2048w\" sizes=\"(max-width: 850px) 100vw, 850px\" \/>\t\t\t\t\t\t\t\t\t\t\t\t\t\t\t<\/div>\n\t\t\t\t<\/div>\n\t\t\t\t<\/div>\n\t\t\t\t\t<\/div>\n\t\t\t\t<\/div>\n\t\t<div data-particle_enable=\"false\" data-particle-mobile-disabled=\"false\" class=\"elementor-element elementor-element-35be813 e-flex e-con-boxed elementor-invisible e-con e-parent\" data-id=\"35be813\" data-element_type=\"container\" data-e-type=\"container\" data-settings=\"{&quot;animation&quot;:&quot;fadeInLeft&quot;}\">\n\t\t\t\t\t<div class=\"e-con-inner\">\n\t\t<div data-particle_enable=\"false\" data-particle-mobile-disabled=\"false\" class=\"elementor-element elementor-element-f126d74 e-con-full e-flex e-con e-child\" data-id=\"f126d74\" data-element_type=\"container\" data-e-type=\"container\">\n\t\t\t\t<div class=\"elementor-element elementor-element-297043d elementor-widget elementor-widget-image\" data-id=\"297043d\" data-element_type=\"widget\" data-e-type=\"widget\" data-widget_type=\"image.default\">\n\t\t\t\t<div class=\"elementor-widget-container\">\n\t\t\t\t\t\t\t\t\t\t\t\t\t\t\t<img decoding=\"async\" width=\"850\" height=\"567\" src=\"https:\/\/sovistourecuador.com\/wp-content\/uploads\/2024\/01\/vacacionesPort-1024x683.jpeg\" class=\"attachment-large size-large wp-image-2086\" alt=\"\" srcset=\"https:\/\/sovistourecuador.com\/wp-content\/uploads\/2024\/01\/vacacionesPort-1024x683.jpeg 1024w, https:\/\/sovistourecuador.com\/wp-content\/uploads\/2024\/01\/vacacionesPort-300x200.jpeg 300w, https:\/\/sovistourecuador.com\/wp-content\/uploads\/2024\/01\/vacacionesPort-768x512.jpeg 768w, https:\/\/sovistourecuador.com\/wp-content\/uploads\/2024\/01\/vacacionesPort-1536x1024.jpeg 1536w, https:\/\/sovistourecuador.com\/wp-content\/uploads\/2024\/01\/vacacionesPort-2048x1366.jpeg 2048w\" sizes=\"(max-width: 850px) 100vw, 850px\" \/>\t\t\t\t\t\t\t\t\t\t\t\t\t\t\t<\/div>\n\t\t\t\t<\/div>\n\t\t\t\t<\/div>\n\t\t<div data-particle_enable=\"false\" data-particle-mobile-disabled=\"false\" class=\"elementor-element elementor-element-8f8e60a e-con-full e-flex e-con e-child\" data-id=\"8f8e60a\" data-element_type=\"container\" data-e-type=\"container\">\n\t\t\t\t<div class=\"elementor-element elementor-element-50ea777 content-align-cta-center elementor-widget elementor-widget-eael-cta-box\" data-id=\"50ea777\" data-element_type=\"widget\" data-e-type=\"widget\" data-widget_type=\"eael-cta-box.default\">\n\t\t\t\t<div class=\"elementor-widget-container\">\n\t\t\t\t\t\t\t<div class=\"eael-call-to-action cta-basic bg-lite cta-preset-1\">\n        <p>Les vacances sont un moment de d\u00e9tente et de relaxation o\u00f9 l'on a envie de profiter, de se d\u00e9tendre et d'oublier le quotidien. C'est pourquoi nous vous recommandons le meilleur et, pour que vos vacances soient les plus belles de votre vie, nous vous proposons une vari\u00e9t\u00e9 de forfaits touristiques nationaux et internationaux. Venez d\u00e9couvrir et appr\u00e9cier tous les coins extraordinaires de notre pays et du monde.<\/p><a href=\"https:\/\/sovistourecuador.com\/fr\/vacaciones\/\" class=\"cta-button cta-preset-1  effect-1\">Voir notre offre<\/a>\t<\/div>\n\t\t\t\t\t\t\t\t<\/div>\n\t\t\t\t<\/div>\n\t\t\t\t<\/div>\n\t\t\t\t\t<\/div>\n\t\t\t\t<\/div>\n\t\t<div data-particle_enable=\"false\" data-particle-mobile-disabled=\"false\" class=\"elementor-element elementor-element-13c5dcd e-con-full banner e-flex e-con e-parent\" data-id=\"13c5dcd\" data-element_type=\"container\" data-e-type=\"container\" data-settings=\"{&quot;background_background&quot;:&quot;classic&quot;}\">\n\t\t\t\t<div class=\"elementor-element elementor-element-b373c5a elementor-widget elementor-widget-heading\" data-id=\"b373c5a\" data-element_type=\"widget\" data-e-type=\"widget\" data-widget_type=\"heading.default\">\n\t\t\t\t<div class=\"elementor-widget-container\">\n\t\t\t\t\t<h2 class=\"elementor-heading-title elementor-size-default\">La vie est soit une aventure, soit rien.<\/h2>\t\t\t\t<\/div>\n\t\t\t\t<\/div>\n\t\t\t\t<\/div>\n\t\t\t\t\t<script>\n\t\t\t\t(function($) {\n                    \"use strict\";\n\n                    var target = $('.elementor-element-13c5dcd');\n                    target.addClass('e-lazyloaded');\n\n                    \n                    var EaelParallaxElement = {\n\n\t\t\t\t\t\tinit: function() {\n\t\t\t\t\t\t\telementorFrontend.hooks.addAction('frontend\/element_ready\/global', EaelParallaxElement.initWidget);\n\t\t\t\t\t\t},\n                        responsiveParallax: function(){\n                            var android = 1,\n                                ios = 1;\n                            switch( true || 1 ){\n                                case android && ios:\n                                    return \/iPad|iPhone|iPod|Android\/;\n                                    break;\n                                case android && ! ios:\n                                    return \/Android\/;\n                                    break;\n                                case ! android && ios:\n                                    return \/iPad|iPhone|iPod\/;\n                                    break;\n                                case ( ! android && ! ios ):\n                                    return null;\n                            }\n                        },\n\t\t\t\t\t\tinitWidget: function( $scope ) {\n\n\t\t\t\t\t\t\ttarget.jarallax({\n\t\t\t\t\t\t\t\ttype: 'scroll-opacity',\n\t\t\t\t\t\t\t\tspeed: 0.1,\n\t\t\t\t\t\t\t\tkeepImg: true,\n                                disableParallax: EaelParallaxElement.responsiveParallax(),\n\t\t\t\t\t\t\t});\n\t\t\t\t\t\t}\n\n\t\t\t\t\t};\n\n\t\t\t\t\t$( window ).on('elementor\/frontend\/init', EaelParallaxElement.init);\n\n                    \t\t\t\t}( jQuery ) );\n\t\t\t<\/script>\n\t\t\t\t<\/div>","protected":false},"excerpt":{"rendered":"<p>Destinos Nacionales \u00bfQuieres vivir una aventura? Pues te recomendamos los diferentes paquetes dentro y fuera del pa\u00eds, para que vivas las m\u00e1s grandes aventuras campestres con tus amigos, familia o tu pareja ven y disfruta de cada rinc\u00f3n del mundo con destinos que ni creer\u00e1s que est\u00e1n dentro de la tierra que te vio nacer, [&hellip;]<\/p>\n","protected":false},"author":1,"featured_media":0,"parent":0,"menu_order":0,"comment_status":"closed","ping_status":"closed","template":"","meta":{"footnotes":""},"class_list":["post-1043","page","type-page","status-publish","hentry"],"_links":{"self":[{"href":"https:\/\/sovistourecuador.com\/fr\/wp-json\/wp\/v2\/pages\/1043","targetHints":{"allow":["GET"]}}],"collection":[{"href":"https:\/\/sovistourecuador.com\/fr\/wp-json\/wp\/v2\/pages"}],"about":[{"href":"https:\/\/sovistourecuador.com\/fr\/wp-json\/wp\/v2\/types\/page"}],"author":[{"embeddable":true,"href":"https:\/\/sovistourecuador.com\/fr\/wp-json\/wp\/v2\/users\/1"}],"replies":[{"embeddable":true,"href":"https:\/\/sovistourecuador.com\/fr\/wp-json\/wp\/v2\/comments?post=1043"}],"version-history":[{"count":0,"href":"https:\/\/sovistourecuador.com\/fr\/wp-json\/wp\/v2\/pages\/1043\/revisions"}],"wp:attachment":[{"href":"https:\/\/sovistourecuador.com\/fr\/wp-json\/wp\/v2\/media?parent=1043"}],"curies":[{"name":"wp","href":"https:\/\/api.w.org\/{rel}","templated":true}]}}