{"id":1280,"date":"2024-01-17T22:09:48","date_gmt":"2024-01-17T21:09:48","guid":{"rendered":"https:\/\/sovistourecuador.com\/?page_id=1280"},"modified":"2025-07-30T23:21:11","modified_gmt":"2025-07-30T21:21:11","slug":"destinos-internacionales","status":"publish","type":"page","link":"https:\/\/sovistourecuador.com\/fr\/destinos-internacionales\/","title":{"rendered":"Destinations internationales"},"content":{"rendered":"<div data-elementor-type=\"wp-page\" data-elementor-id=\"1280\" class=\"elementor elementor-1280\" data-elementor-post-type=\"page\">\n\t\t\t\t<div data-particle_enable=\"false\" data-particle-mobile-disabled=\"false\" class=\"elementor-element elementor-element-fc4120c e-flex e-con-boxed elementor-invisible e-con e-parent\" data-id=\"fc4120c\" data-element_type=\"container\" data-e-type=\"container\" data-settings=\"{&quot;animation&quot;:&quot;fadeInDown&quot;}\">\n\t\t\t\t\t<div class=\"e-con-inner\">\n\t\t\t\t<div class=\"elementor-element elementor-element-4e3219a elementor-widget elementor-widget-heading\" data-id=\"4e3219a\" data-element_type=\"widget\" data-e-type=\"widget\" data-widget_type=\"heading.default\">\n\t\t\t\t<div class=\"elementor-widget-container\">\n\t\t\t\t\t<h2 class=\"elementor-heading-title elementor-size-default\">Destinations internationales<\/h2>\t\t\t\t<\/div>\n\t\t\t\t<\/div>\n\t\t\t\t\t<\/div>\n\t\t\t\t<\/div>\n\t\t<div data-particle_enable=\"false\" data-particle-mobile-disabled=\"false\" class=\"elementor-element elementor-element-5038e16 e-flex e-con-boxed elementor-invisible e-con e-parent\" data-id=\"5038e16\" data-element_type=\"container\" data-e-type=\"container\" data-settings=\"{&quot;animation&quot;:&quot;fadeInLeft&quot;}\">\n\t\t\t\t\t<div class=\"e-con-inner\">\n\t\t<div data-particle_enable=\"false\" data-particle-mobile-disabled=\"false\" class=\"elementor-element elementor-element-a33adf3 e-con-full e-flex e-con e-child\" data-id=\"a33adf3\" data-element_type=\"container\" data-e-type=\"container\">\n\t\t\t\t<div class=\"elementor-element elementor-element-264752d elementor-widget elementor-widget-image\" data-id=\"264752d\" data-element_type=\"widget\" data-e-type=\"widget\" data-widget_type=\"image.default\">\n\t\t\t\t<div class=\"elementor-widget-container\">\n\t\t\t\t\t\t\t\t\t\t\t\t\t\t\t<img fetchpriority=\"high\" decoding=\"async\" width=\"850\" height=\"567\" src=\"https:\/\/sovistourecuador.com\/wp-content\/uploads\/2024\/01\/crucerosPortada-1024x683.jpeg\" class=\"attachment-large size-large wp-image-1368\" alt=\"\" srcset=\"https:\/\/sovistourecuador.com\/wp-content\/uploads\/2024\/01\/crucerosPortada-1024x683.jpeg 1024w, https:\/\/sovistourecuador.com\/wp-content\/uploads\/2024\/01\/crucerosPortada-300x200.jpeg 300w, https:\/\/sovistourecuador.com\/wp-content\/uploads\/2024\/01\/crucerosPortada-768x512.jpeg 768w, https:\/\/sovistourecuador.com\/wp-content\/uploads\/2024\/01\/crucerosPortada-1536x1024.jpeg 1536w, https:\/\/sovistourecuador.com\/wp-content\/uploads\/2024\/01\/crucerosPortada-2048x1366.jpeg 2048w\" sizes=\"(max-width: 850px) 100vw, 850px\" \/>\t\t\t\t\t\t\t\t\t\t\t\t\t\t\t<\/div>\n\t\t\t\t<\/div>\n\t\t\t\t<\/div>\n\t\t<div data-particle_enable=\"false\" data-particle-mobile-disabled=\"false\" class=\"elementor-element elementor-element-4bd1bd7 e-con-full e-flex e-con e-child\" data-id=\"4bd1bd7\" data-element_type=\"container\" data-e-type=\"container\">\n\t\t\t\t<div class=\"elementor-element elementor-element-c2d7b4a content-align-cta-center elementor-widget elementor-widget-eael-cta-box\" data-id=\"c2d7b4a\" data-element_type=\"widget\" data-e-type=\"widget\" data-widget_type=\"eael-cta-box.default\">\n\t\t\t\t<div class=\"elementor-widget-container\">\n\t\t\t\t\t\t\t<div class=\"eael-call-to-action cta-basic bg-lite cta-preset-1\">\n        <div class=\"vc_row wpb_row vc_row-fluid wpb_animate_when_almost_visible wpb_fadeInUp fadeInUp vc_row-o-content-middle vc_row-flex wpb_start_animation animated\"><div class=\"wpb_column vc_column_container vc_col-sm-6\"><div class=\"vc_column-inner\"><div class=\"wpb_wrapper\"><div class=\"wpb_text_column wpb_content_element wpb_animate_when_almost_visible wpb_fadeIn fadeIn wpb_start_animation animated\"><div class=\"wpb_wrapper\"><p>Un voyage en bateau de plaisance qui dure plusieurs jours ou semaines au cours duquel vous faites des escales dans diff\u00e9rents ports du monde, embarquez pour une grande aventure, dans laquelle vous pourrez d\u00e9couvrir des coins inconnus en vous laissant emporter par le bleu du ciel et l'immensit\u00e9 de la mer, partir en croisi\u00e8re c'est r\u00eaver et nous sommes pr\u00eats \u00e0 r\u00e9aliser votre r\u00eave, c'est pourquoi nous vous recommandons de nous faire confiance pour promouvoir les meilleurs itin\u00e9raires.<\/p><\/div><\/div><\/div><\/div><\/div><\/div><a href=\"https:\/\/sovistourecuador.com\/fr\/cruceros\/\" class=\"cta-button cta-preset-1  effect-1\">Plus d'informations<\/a>\t<\/div>\n\t\t\t\t\t\t\t\t<\/div>\n\t\t\t\t<\/div>\n\t\t\t\t<\/div>\n\t\t\t\t\t<\/div>\n\t\t\t\t<\/div>\n\t\t<div data-particle_enable=\"false\" data-particle-mobile-disabled=\"false\" class=\"elementor-element elementor-element-395d994 e-flex e-con-boxed elementor-invisible e-con e-parent\" data-id=\"395d994\" data-element_type=\"container\" data-e-type=\"container\" data-settings=\"{&quot;animation&quot;:&quot;fadeInRight&quot;}\">\n\t\t\t\t\t<div class=\"e-con-inner\">\n\t\t<div data-particle_enable=\"false\" data-particle-mobile-disabled=\"false\" class=\"elementor-element elementor-element-5cc90a6 e-con-full e-flex e-con e-child\" data-id=\"5cc90a6\" data-element_type=\"container\" data-e-type=\"container\">\n\t\t\t\t<div class=\"elementor-element elementor-element-cb9b043 content-align-cta-center elementor-widget elementor-widget-eael-cta-box\" data-id=\"cb9b043\" data-element_type=\"widget\" data-e-type=\"widget\" data-widget_type=\"eael-cta-box.default\">\n\t\t\t\t<div class=\"elementor-widget-container\">\n\t\t\t\t\t\t\t<div class=\"eael-call-to-action cta-basic bg-lite cta-preset-1\">\n        <p>Vous et votre partenaire planifiez et organisez votre voyage de noces\u00a0? Avec nous, oubliez toute la paperasse. Nous vous proposons les meilleurs forfaits sur mesure pour vous et votre partenaire, des destinations o\u00f9 vous pourrez voyager avec des experts qui vous garantiront une exp\u00e9rience inoubliable pour cette date si sp\u00e9ciale. Vous pouvez s\u00e9journer plusieurs jours ou plusieurs semaines, faire des escales dans de magnifiques endroits romantiques du monde entier et participer \u00e0 des visites guid\u00e9es. Nous vous offrons toute l'assistance n\u00e9cessaire, avec qualit\u00e9 et garanties, pour que cet \u00e9v\u00e9nement soit inoubliable, car ce moment ne se reproduira plus jamais.<\/p><a href=\"https:\/\/sovistourecuador.com\/fr\/parejas\/\" class=\"cta-button cta-preset-1  effect-1\">Voir notre offre<\/a>\t<\/div>\n\t\t\t\t\t\t\t\t<\/div>\n\t\t\t\t<\/div>\n\t\t\t\t<\/div>\n\t\t<div data-particle_enable=\"false\" data-particle-mobile-disabled=\"false\" class=\"elementor-element elementor-element-e59d7bf e-con-full e-flex e-con e-child\" data-id=\"e59d7bf\" data-element_type=\"container\" data-e-type=\"container\">\n\t\t\t\t<div class=\"elementor-element elementor-element-8a83f0a elementor-widget elementor-widget-image\" data-id=\"8a83f0a\" data-element_type=\"widget\" data-e-type=\"widget\" data-widget_type=\"image.default\">\n\t\t\t\t<div class=\"elementor-widget-container\">\n\t\t\t\t\t\t\t\t\t\t\t\t\t\t\t<img decoding=\"async\" width=\"850\" height=\"567\" src=\"https:\/\/sovistourecuador.com\/wp-content\/uploads\/2024\/01\/parejasPortada-1024x683.jpeg\" class=\"attachment-large size-large wp-image-1367\" alt=\"\" srcset=\"https:\/\/sovistourecuador.com\/wp-content\/uploads\/2024\/01\/parejasPortada-1024x683.jpeg 1024w, https:\/\/sovistourecuador.com\/wp-content\/uploads\/2024\/01\/parejasPortada-300x200.jpeg 300w, https:\/\/sovistourecuador.com\/wp-content\/uploads\/2024\/01\/parejasPortada-768x512.jpeg 768w, https:\/\/sovistourecuador.com\/wp-content\/uploads\/2024\/01\/parejasPortada-1536x1024.jpeg 1536w, https:\/\/sovistourecuador.com\/wp-content\/uploads\/2024\/01\/parejasPortada-2048x1366.jpeg 2048w\" sizes=\"(max-width: 850px) 100vw, 850px\" \/>\t\t\t\t\t\t\t\t\t\t\t\t\t\t\t<\/div>\n\t\t\t\t<\/div>\n\t\t\t\t<\/div>\n\t\t\t\t\t<\/div>\n\t\t\t\t<\/div>\n\t\t<div data-particle_enable=\"false\" data-particle-mobile-disabled=\"false\" class=\"elementor-element elementor-element-35be813 e-flex e-con-boxed elementor-invisible e-con e-parent\" data-id=\"35be813\" data-element_type=\"container\" data-e-type=\"container\" data-settings=\"{&quot;animation&quot;:&quot;fadeInLeft&quot;}\">\n\t\t\t\t\t<div class=\"e-con-inner\">\n\t\t<div data-particle_enable=\"false\" data-particle-mobile-disabled=\"false\" class=\"elementor-element elementor-element-f126d74 e-con-full e-flex e-con e-child\" data-id=\"f126d74\" data-element_type=\"container\" data-e-type=\"container\">\n\t\t\t\t<div class=\"elementor-element elementor-element-297043d elementor-widget elementor-widget-image\" data-id=\"297043d\" data-element_type=\"widget\" data-e-type=\"widget\" data-widget_type=\"image.default\">\n\t\t\t\t<div class=\"elementor-widget-container\">\n\t\t\t\t\t\t\t\t\t\t\t\t\t\t\t<img decoding=\"async\" width=\"850\" height=\"567\" src=\"https:\/\/sovistourecuador.com\/wp-content\/uploads\/2024\/01\/programasPortada-1024x683.jpeg\" class=\"attachment-large size-large wp-image-1369\" alt=\"\" srcset=\"https:\/\/sovistourecuador.com\/wp-content\/uploads\/2024\/01\/programasPortada-1024x683.jpeg 1024w, https:\/\/sovistourecuador.com\/wp-content\/uploads\/2024\/01\/programasPortada-300x200.jpeg 300w, https:\/\/sovistourecuador.com\/wp-content\/uploads\/2024\/01\/programasPortada-768x512.jpeg 768w, https:\/\/sovistourecuador.com\/wp-content\/uploads\/2024\/01\/programasPortada-1536x1024.jpeg 1536w, https:\/\/sovistourecuador.com\/wp-content\/uploads\/2024\/01\/programasPortada-2048x1366.jpeg 2048w\" sizes=\"(max-width: 850px) 100vw, 850px\" \/>\t\t\t\t\t\t\t\t\t\t\t\t\t\t\t<\/div>\n\t\t\t\t<\/div>\n\t\t\t\t<\/div>\n\t\t<div data-particle_enable=\"false\" data-particle-mobile-disabled=\"false\" class=\"elementor-element elementor-element-8f8e60a e-con-full e-flex e-con e-child\" data-id=\"8f8e60a\" data-element_type=\"container\" data-e-type=\"container\">\n\t\t\t\t<div class=\"elementor-element elementor-element-50ea777 content-align-cta-center elementor-widget elementor-widget-eael-cta-box\" data-id=\"50ea777\" data-element_type=\"widget\" data-e-type=\"widget\" data-widget_type=\"eael-cta-box.default\">\n\t\t\t\t<div class=\"elementor-widget-container\">\n\t\t\t\t\t\t\t<div class=\"eael-call-to-action cta-basic bg-lite cta-preset-1\">\n        <div class=\"vc_row wpb_row vc_row-fluid wpb_animate_when_almost_visible wpb_fadeInUp fadeInUp vc_row-o-content-middle vc_row-flex wpb_start_animation animated\"><div class=\"wpb_column vc_column_container vc_col-sm-6\"><div class=\"vc_column-inner\"><div class=\"wpb_wrapper\"><div class=\"wpb_text_column wpb_content_element wpb_animate_when_almost_visible wpb_fadeInUp fadeInUp wpb_start_animation animated\"><div class=\"wpb_wrapper\"><p>Vous et votre partenaire planifiez et organisez votre voyage de noces\u00a0? Avec nous, oubliez toute la mumpasse. Nous proposons les meilleurs forfaits de ski sur mesure pour vous et votre partenaire, les destinations et les voyageurs avec des experts qui garantissent une exp\u00e9rience inoubliable pour cette date sp\u00e9ciale. Vous pouvez rester plusieurs jours ou plusieurs semaines, faire des \u00e9chelles dans de magnifiques endroits romantiques du monde entier et participer aux visites guid\u00e9es. Nous vous offrons toute l'assistance n\u00e9cessaire, avec qualit\u00e9 et garanties, pour que cet \u00e9v\u00e9nement soit inoubliable, car ce moment ne se reproduira plus jamais.<\/p><\/div><\/div><\/div><\/div><\/div><\/div><div class=\"vc_row wpb_row vc_row-fluid vc_custom_1545855440579\"><div class=\"wpb_column vc_column_container vc_col-sm-12\"><div class=\"vc_column-inner\"><div class=\"wpb_wrapper\">\u00a0<\/div><\/div><\/div><\/div><a href=\"https:\/\/sovistourecuador.com\/fr\/programas\/\" class=\"cta-button cta-preset-1  effect-1\">Voir notre offre<\/a>\t<\/div>\n\t\t\t\t\t\t\t\t<\/div>\n\t\t\t\t<\/div>\n\t\t\t\t<\/div>\n\t\t\t\t\t<\/div>\n\t\t\t\t<\/div>\n\t\t<div data-particle_enable=\"false\" data-particle-mobile-disabled=\"false\" class=\"elementor-element elementor-element-d4d426d e-con-full banner e-flex e-con e-parent\" data-id=\"d4d426d\" data-element_type=\"container\" data-e-type=\"container\" data-settings=\"{&quot;background_background&quot;:&quot;classic&quot;}\">\n\t\t\t\t<div class=\"elementor-element elementor-element-054cc0b elementor-widget elementor-widget-heading\" data-id=\"054cc0b\" data-element_type=\"widget\" data-e-type=\"widget\" data-widget_type=\"heading.default\">\n\t\t\t\t<div class=\"elementor-widget-container\">\n\t\t\t\t\t<h2 class=\"elementor-heading-title elementor-size-default\">Notre destination n\u2019est jamais un lieu, mais une nouvelle fa\u00e7on de voir les choses.<\/h2>\t\t\t\t<\/div>\n\t\t\t\t<\/div>\n\t\t\t\t<\/div>\n\t\t\t\t\t<script>\n\t\t\t\t(function($) {\n                    \"use strict\";\n\n                    var target = $('.elementor-element-d4d426d');\n                    target.addClass('e-lazyloaded');\n\n                    \n                    var EaelParallaxElement = {\n\n\t\t\t\t\t\tinit: function() {\n\t\t\t\t\t\t\telementorFrontend.hooks.addAction('frontend\/element_ready\/global', EaelParallaxElement.initWidget);\n\t\t\t\t\t\t},\n                        responsiveParallax: function(){\n                            var android = 1,\n                                ios = 1;\n                            switch( true || 1 ){\n                                case android && ios:\n                                    return \/iPad|iPhone|iPod|Android\/;\n                                    break;\n                                case android && ! ios:\n                                    return \/Android\/;\n                                    break;\n                                case ! android && ios:\n                                    return \/iPad|iPhone|iPod\/;\n                                    break;\n                                case ( ! android && ! ios ):\n                                    return null;\n                            }\n                        },\n\t\t\t\t\t\tinitWidget: function( $scope ) {\n\n\t\t\t\t\t\t\ttarget.jarallax({\n\t\t\t\t\t\t\t\ttype: 'scroll-opacity',\n\t\t\t\t\t\t\t\tspeed: 0.1,\n\t\t\t\t\t\t\t\tkeepImg: true,\n                                disableParallax: EaelParallaxElement.responsiveParallax(),\n\t\t\t\t\t\t\t});\n\t\t\t\t\t\t}\n\n\t\t\t\t\t};\n\n\t\t\t\t\t$( window ).on('elementor\/frontend\/init', EaelParallaxElement.init);\n\n                    \t\t\t\t}( jQuery ) );\n\t\t\t<\/script>\n\t\t\t\t<\/div>","protected":false},"excerpt":{"rendered":"<p>Destinos Internacionales Un viaje de placer en barco que dura varios d\u00edas o semanas en los que realizas escalas en diversos\u00a0 puertos del mundo entero, emb\u00e1rcate en una gran aventura, en la que puedes conocer rincones desconocidos dej\u00e1ndote llevar del azul del cielo y lo extenso del mar, ir en un crucero es so\u00f1ar y [&hellip;]<\/p>\n","protected":false},"author":1,"featured_media":0,"parent":0,"menu_order":0,"comment_status":"closed","ping_status":"closed","template":"","meta":{"footnotes":""},"class_list":["post-1280","page","type-page","status-publish","hentry"],"_links":{"self":[{"href":"https:\/\/sovistourecuador.com\/fr\/wp-json\/wp\/v2\/pages\/1280","targetHints":{"allow":["GET"]}}],"collection":[{"href":"https:\/\/sovistourecuador.com\/fr\/wp-json\/wp\/v2\/pages"}],"about":[{"href":"https:\/\/sovistourecuador.com\/fr\/wp-json\/wp\/v2\/types\/page"}],"author":[{"embeddable":true,"href":"https:\/\/sovistourecuador.com\/fr\/wp-json\/wp\/v2\/users\/1"}],"replies":[{"embeddable":true,"href":"https:\/\/sovistourecuador.com\/fr\/wp-json\/wp\/v2\/comments?post=1280"}],"version-history":[{"count":0,"href":"https:\/\/sovistourecuador.com\/fr\/wp-json\/wp\/v2\/pages\/1280\/revisions"}],"wp:attachment":[{"href":"https:\/\/sovistourecuador.com\/fr\/wp-json\/wp\/v2\/media?parent=1280"}],"curies":[{"name":"wp","href":"https:\/\/api.w.org\/{rel}","templated":true}]}}