{"id":1307,"date":"2024-01-17T22:31:18","date_gmt":"2024-01-17T21:31:18","guid":{"rendered":"https:\/\/sovistourecuador.com\/?page_id=1307"},"modified":"2025-07-30T23:15:13","modified_gmt":"2025-07-30T21:15:13","slug":"cruceros","status":"publish","type":"page","link":"https:\/\/sovistourecuador.com\/fr\/cruceros\/","title":{"rendered":"Croisi\u00e8res"},"content":{"rendered":"<div data-elementor-type=\"wp-page\" data-elementor-id=\"1307\" class=\"elementor elementor-1307\" data-elementor-post-type=\"page\">\n\t\t\t\t<div data-particle_enable=\"false\" data-particle-mobile-disabled=\"false\" class=\"elementor-element elementor-element-fc4120c e-flex e-con-boxed elementor-invisible e-con e-parent\" data-id=\"fc4120c\" data-element_type=\"container\" data-e-type=\"container\" data-settings=\"{&quot;animation&quot;:&quot;fadeInDown&quot;}\">\n\t\t\t\t\t<div class=\"e-con-inner\">\n\t\t\t\t<div class=\"elementor-element elementor-element-4e3219a elementor-widget elementor-widget-heading\" data-id=\"4e3219a\" data-element_type=\"widget\" data-e-type=\"widget\" data-widget_type=\"heading.default\">\n\t\t\t\t<div class=\"elementor-widget-container\">\n\t\t\t\t\t<h2 class=\"elementor-heading-title elementor-size-default\">Destinations internationales<\/h2>\t\t\t\t<\/div>\n\t\t\t\t<\/div>\n\t\t\t\t<div class=\"elementor-element elementor-element-bc4a3c7 elementor-widget elementor-widget-heading\" data-id=\"bc4a3c7\" data-element_type=\"widget\" data-e-type=\"widget\" data-widget_type=\"heading.default\">\n\t\t\t\t<div class=\"elementor-widget-container\">\n\t\t\t\t\t<h2 class=\"elementor-heading-title elementor-size-default\">Croisi\u00e8res<\/h2>\t\t\t\t<\/div>\n\t\t\t\t<\/div>\n\t\t\t\t\t<\/div>\n\t\t\t\t<\/div>\n\t\t<div data-particle_enable=\"false\" data-particle-mobile-disabled=\"false\" class=\"elementor-element elementor-element-58e62f0 e-flex e-con-boxed e-con e-parent\" data-id=\"58e62f0\" data-element_type=\"container\" data-e-type=\"container\">\n\t\t\t\t\t<div class=\"e-con-inner\">\n\t\t<div data-particle_enable=\"false\" data-particle-mobile-disabled=\"false\" class=\"elementor-element elementor-element-dd814f1 e-flex e-con-boxed e-con e-child\" data-id=\"dd814f1\" data-element_type=\"container\" data-e-type=\"container\">\n\t\t\t\t\t<div class=\"e-con-inner\">\n\t\t<div data-particle_enable=\"false\" data-particle-mobile-disabled=\"false\" class=\"elementor-element elementor-element-0a38ff1 e-flex e-con-boxed elementor-invisible e-con e-child\" data-id=\"0a38ff1\" data-element_type=\"container\" data-e-type=\"container\" data-settings=\"{&quot;animation&quot;:&quot;fadeInLeft&quot;}\">\n\t\t\t\t\t<div class=\"e-con-inner\">\n\t\t<div data-particle_enable=\"false\" data-particle-mobile-disabled=\"false\" class=\"elementor-element elementor-element-ca2f723 e-flex e-con-boxed e-con e-child\" data-id=\"ca2f723\" data-element_type=\"container\" data-e-type=\"container\">\n\t\t\t\t\t<div class=\"e-con-inner\">\n\t\t\t\t<div class=\"elementor-element elementor-element-c7dcb00 elementor-widget elementor-widget-image\" data-id=\"c7dcb00\" data-element_type=\"widget\" data-e-type=\"widget\" data-widget_type=\"image.default\">\n\t\t\t\t<div class=\"elementor-widget-container\">\n\t\t\t\t\t\t\t\t\t\t\t\t\t\t\t\t<a href=\"https:\/\/sovistourecuador.com\/fr\/tour\/msc-mediterraneo\/\" target=\"_blank\">\n\t\t\t\t\t\t\t<img fetchpriority=\"high\" decoding=\"async\" width=\"1080\" height=\"1080\" src=\"https:\/\/sovistourecuador.com\/wp-content\/uploads\/2024\/02\/progCruceMedi.jpg\" class=\"elementor-animation-grow attachment-full size-full wp-image-4060\" alt=\"Programa Crucero Mediterraneo\" srcset=\"https:\/\/sovistourecuador.com\/wp-content\/uploads\/2024\/02\/progCruceMedi.jpg 1080w, https:\/\/sovistourecuador.com\/wp-content\/uploads\/2024\/02\/progCruceMedi-300x300.jpg 300w, https:\/\/sovistourecuador.com\/wp-content\/uploads\/2024\/02\/progCruceMedi-1024x1024.jpg 1024w, https:\/\/sovistourecuador.com\/wp-content\/uploads\/2024\/02\/progCruceMedi-768x768.jpg 768w\" sizes=\"(max-width: 1080px) 100vw, 1080px\" \/>\t\t\t\t\t\t\t\t<\/a>\n\t\t\t\t\t\t\t\t\t\t\t\t\t\t\t<\/div>\n\t\t\t\t<\/div>\n\t\t\t\t\t<\/div>\n\t\t\t\t<\/div>\n\t\t\t\t<div class=\"elementor-element elementor-element-9a61592 elementor-widget elementor-widget-eael-creative-button\" data-id=\"9a61592\" data-element_type=\"widget\" data-e-type=\"widget\" data-widget_type=\"eael-creative-button.default\">\n\t\t\t\t<div class=\"elementor-widget-container\">\n\t\t\t\t\t        <div class=\"eael-creative-button-wrapper\">\n\n            <a class=\"eael-creative-button eael-creative-button--winona eael-cb-icon-position-\" href=\"https:\/\/sovistourecuador.com\/fr\/tour\/msc-mediterraneo\/\" target=\"_blank\" data-text=\"Nuestra Oferta\">\n            \t    \n                <div class=\"creative-button-inner\">\n\n                    \n                    <span class=\"cretive-button-text\">Voir la visite<\/span>\n\n                                    <\/div>\n\t                        <\/a>\n        <\/div>\n        \t\t\t\t<\/div>\n\t\t\t\t<\/div>\n\t\t\t\t\t<\/div>\n\t\t\t\t<\/div>\n\t\t<div data-particle_enable=\"false\" data-particle-mobile-disabled=\"false\" class=\"elementor-element elementor-element-5a559a0 e-flex e-con-boxed elementor-invisible e-con e-child\" data-id=\"5a559a0\" data-element_type=\"container\" data-e-type=\"container\" data-settings=\"{&quot;animation&quot;:&quot;fadeInLeft&quot;}\">\n\t\t\t\t\t<div class=\"e-con-inner\">\n\t\t<div data-particle_enable=\"false\" data-particle-mobile-disabled=\"false\" class=\"elementor-element elementor-element-72b69b6 e-flex e-con-boxed e-con e-child\" data-id=\"72b69b6\" data-element_type=\"container\" data-e-type=\"container\">\n\t\t\t\t\t<div class=\"e-con-inner\">\n\t\t\t\t<div class=\"elementor-element elementor-element-2c21a20 elementor-widget elementor-widget-image\" data-id=\"2c21a20\" data-element_type=\"widget\" data-e-type=\"widget\" data-widget_type=\"image.default\">\n\t\t\t\t<div class=\"elementor-widget-container\">\n\t\t\t\t\t\t\t\t\t\t\t\t\t\t\t\t<a href=\"https:\/\/sovistourecuador.com\/fr\/tour\/crucero-por-el-caribe\/\" target=\"_blank\">\n\t\t\t\t\t\t\t<img decoding=\"async\" width=\"1080\" height=\"1080\" src=\"https:\/\/sovistourecuador.com\/wp-content\/uploads\/2024\/02\/progCruceCaribe2.jpg\" class=\"elementor-animation-grow attachment-full size-full wp-image-4077\" alt=\"Programa Crucero Caribe\" srcset=\"https:\/\/sovistourecuador.com\/wp-content\/uploads\/2024\/02\/progCruceCaribe2.jpg 1080w, https:\/\/sovistourecuador.com\/wp-content\/uploads\/2024\/02\/progCruceCaribe2-300x300.jpg 300w, https:\/\/sovistourecuador.com\/wp-content\/uploads\/2024\/02\/progCruceCaribe2-1024x1024.jpg 1024w, https:\/\/sovistourecuador.com\/wp-content\/uploads\/2024\/02\/progCruceCaribe2-768x768.jpg 768w\" sizes=\"(max-width: 1080px) 100vw, 1080px\" \/>\t\t\t\t\t\t\t\t<\/a>\n\t\t\t\t\t\t\t\t\t\t\t\t\t\t\t<\/div>\n\t\t\t\t<\/div>\n\t\t\t\t\t<\/div>\n\t\t\t\t<\/div>\n\t\t\t\t<div class=\"elementor-element elementor-element-4be3a62 elementor-widget elementor-widget-eael-creative-button\" data-id=\"4be3a62\" data-element_type=\"widget\" data-e-type=\"widget\" data-widget_type=\"eael-creative-button.default\">\n\t\t\t\t<div class=\"elementor-widget-container\">\n\t\t\t\t\t        <div class=\"eael-creative-button-wrapper\">\n\n            <a class=\"eael-creative-button eael-creative-button--winona eael-cb-icon-position-\" href=\"https:\/\/sovistourecuador.com\/fr\/tour\/crucero-por-el-caribe\/\" target=\"_blank\" data-text=\"Nuestra Oferta\">\n            \t    \n                <div class=\"creative-button-inner\">\n\n                    \n                    <span class=\"cretive-button-text\">Voir la visite<\/span>\n\n                                    <\/div>\n\t                        <\/a>\n        <\/div>\n        \t\t\t\t<\/div>\n\t\t\t\t<\/div>\n\t\t\t\t\t<\/div>\n\t\t\t\t<\/div>\n\t\t\t\t\t<\/div>\n\t\t\t\t<\/div>\n\t\t\t\t\t<\/div>\n\t\t\t\t<\/div>\n\t\t<div data-particle_enable=\"false\" data-particle-mobile-disabled=\"false\" class=\"elementor-element elementor-element-763f5a1 e-flex e-con-boxed e-con e-parent\" data-id=\"763f5a1\" data-element_type=\"container\" data-e-type=\"container\">\n\t\t\t\t\t<div class=\"e-con-inner\">\n\t\t<div data-particle_enable=\"false\" data-particle-mobile-disabled=\"false\" class=\"elementor-element elementor-element-5bfcb49 e-flex e-con-boxed e-con e-child\" data-id=\"5bfcb49\" data-element_type=\"container\" data-e-type=\"container\">\n\t\t\t\t\t<div class=\"e-con-inner\">\n\t\t<div data-particle_enable=\"false\" data-particle-mobile-disabled=\"false\" class=\"elementor-element elementor-element-1fe48c6 e-flex e-con-boxed elementor-invisible e-con e-child\" data-id=\"1fe48c6\" data-element_type=\"container\" data-e-type=\"container\" data-settings=\"{&quot;animation&quot;:&quot;fadeInLeft&quot;}\">\n\t\t\t\t\t<div class=\"e-con-inner\">\n\t\t<div data-particle_enable=\"false\" data-particle-mobile-disabled=\"false\" class=\"elementor-element elementor-element-ec6f0f5 e-flex e-con-boxed e-con e-child\" data-id=\"ec6f0f5\" data-element_type=\"container\" data-e-type=\"container\">\n\t\t\t\t\t<div class=\"e-con-inner\">\n\t\t\t\t<div class=\"elementor-element elementor-element-f03c480 elementor-widget elementor-widget-image\" data-id=\"f03c480\" data-element_type=\"widget\" data-e-type=\"widget\" data-widget_type=\"image.default\">\n\t\t\t\t<div class=\"elementor-widget-container\">\n\t\t\t\t\t\t\t\t\t\t\t\t\t\t\t\t<a href=\"https:\/\/sovistourecuador.com\/fr\/tour\/el-danubio-magico\/\" target=\"_blank\">\n\t\t\t\t\t\t\t<img decoding=\"async\" width=\"1080\" height=\"1080\" src=\"https:\/\/sovistourecuador.com\/wp-content\/uploads\/2024\/02\/progCruceDanubio.jpg\" class=\"elementor-animation-grow attachment-full size-full wp-image-4089\" alt=\"Programa Crucero Danubio\" srcset=\"https:\/\/sovistourecuador.com\/wp-content\/uploads\/2024\/02\/progCruceDanubio.jpg 1080w, https:\/\/sovistourecuador.com\/wp-content\/uploads\/2024\/02\/progCruceDanubio-300x300.jpg 300w, https:\/\/sovistourecuador.com\/wp-content\/uploads\/2024\/02\/progCruceDanubio-1024x1024.jpg 1024w, https:\/\/sovistourecuador.com\/wp-content\/uploads\/2024\/02\/progCruceDanubio-768x768.jpg 768w\" sizes=\"(max-width: 1080px) 100vw, 1080px\" \/>\t\t\t\t\t\t\t\t<\/a>\n\t\t\t\t\t\t\t\t\t\t\t\t\t\t\t<\/div>\n\t\t\t\t<\/div>\n\t\t\t\t\t<\/div>\n\t\t\t\t<\/div>\n\t\t\t\t<div class=\"elementor-element elementor-element-cb82b7a elementor-widget elementor-widget-eael-creative-button\" data-id=\"cb82b7a\" data-element_type=\"widget\" data-e-type=\"widget\" data-widget_type=\"eael-creative-button.default\">\n\t\t\t\t<div class=\"elementor-widget-container\">\n\t\t\t\t\t        <div class=\"eael-creative-button-wrapper\">\n\n            <a class=\"eael-creative-button eael-creative-button--winona eael-cb-icon-position-\" href=\"https:\/\/sovistourecuador.com\/fr\/tour\/el-danubio-magico\/\" target=\"_blank\" data-text=\"Nuestra Oferta\">\n            \t    \n                <div class=\"creative-button-inner\">\n\n                    \n                    <span class=\"cretive-button-text\">Voir la visite<\/span>\n\n                                    <\/div>\n\t                        <\/a>\n        <\/div>\n        \t\t\t\t<\/div>\n\t\t\t\t<\/div>\n\t\t\t\t\t<\/div>\n\t\t\t\t<\/div>\n\t\t<div data-particle_enable=\"false\" data-particle-mobile-disabled=\"false\" class=\"elementor-element elementor-element-d818a9c e-flex e-con-boxed elementor-invisible e-con e-child\" data-id=\"d818a9c\" data-element_type=\"container\" data-e-type=\"container\" data-settings=\"{&quot;animation&quot;:&quot;fadeInLeft&quot;}\">\n\t\t\t\t\t<div class=\"e-con-inner\">\n\t\t<div data-particle_enable=\"false\" data-particle-mobile-disabled=\"false\" class=\"elementor-element elementor-element-8d82d33 e-flex e-con-boxed e-con e-child\" data-id=\"8d82d33\" data-element_type=\"container\" data-e-type=\"container\">\n\t\t\t\t\t<div class=\"e-con-inner\">\n\t\t\t\t<div class=\"elementor-element elementor-element-5c96c01 elementor-widget elementor-widget-image\" data-id=\"5c96c01\" data-element_type=\"widget\" data-e-type=\"widget\" data-widget_type=\"image.default\">\n\t\t\t\t<div class=\"elementor-widget-container\">\n\t\t\t\t\t\t\t\t\t\t\t\t\t\t\t\t<a href=\"https:\/\/sovistourecuador.com\/wp-content\/uploads\/2024\/02\/WhatsApp-Image-2024-01-03-at-11.46.14-AM.jpeg\" data-elementor-open-lightbox=\"yes\" data-elementor-lightbox-title=\"WhatsApp Image 2024-01-03 at 11.46.14 AM\" data-e-action-hash=\"#elementor-action%3Aaction%3Dlightbox%26settings%3DeyJpZCI6NDA5NiwidXJsIjoiaHR0cHM6XC9cL3NvdmlzdG91cmVjdWFkb3IuY29tXC93cC1jb250ZW50XC91cGxvYWRzXC8yMDI0XC8wMlwvV2hhdHNBcHAtSW1hZ2UtMjAyNC0wMS0wMy1hdC0xMS40Ni4xNC1BTS5qcGVnIn0%3D\">\n\t\t\t\t\t\t\t<img loading=\"lazy\" decoding=\"async\" width=\"1600\" height=\"1600\" src=\"https:\/\/sovistourecuador.com\/wp-content\/uploads\/2024\/02\/WhatsApp-Image-2024-01-03-at-11.46.14-AM.jpeg\" class=\"elementor-animation-grow attachment-full size-full wp-image-4096\" alt=\"\" srcset=\"https:\/\/sovistourecuador.com\/wp-content\/uploads\/2024\/02\/WhatsApp-Image-2024-01-03-at-11.46.14-AM.jpeg 1600w, https:\/\/sovistourecuador.com\/wp-content\/uploads\/2024\/02\/WhatsApp-Image-2024-01-03-at-11.46.14-AM-300x300.jpeg 300w, https:\/\/sovistourecuador.com\/wp-content\/uploads\/2024\/02\/WhatsApp-Image-2024-01-03-at-11.46.14-AM-1024x1024.jpeg 1024w, https:\/\/sovistourecuador.com\/wp-content\/uploads\/2024\/02\/WhatsApp-Image-2024-01-03-at-11.46.14-AM-768x768.jpeg 768w, https:\/\/sovistourecuador.com\/wp-content\/uploads\/2024\/02\/WhatsApp-Image-2024-01-03-at-11.46.14-AM-1536x1536.jpeg 1536w\" sizes=\"(max-width: 1600px) 100vw, 1600px\" \/>\t\t\t\t\t\t\t\t<\/a>\n\t\t\t\t\t\t\t\t\t\t\t\t\t\t\t<\/div>\n\t\t\t\t<\/div>\n\t\t\t\t\t<\/div>\n\t\t\t\t<\/div>\n\t\t\t\t<div class=\"elementor-element elementor-element-3bca5bd elementor-widget elementor-widget-eael-creative-button\" data-id=\"3bca5bd\" data-element_type=\"widget\" data-e-type=\"widget\" data-widget_type=\"eael-creative-button.default\">\n\t\t\t\t<div class=\"elementor-widget-container\">\n\t\t\t\t\t        <div class=\"eael-creative-button-wrapper\">\n\n            <a class=\"eael-creative-button eael-creative-button--winona eael-cb-icon-position-\" href=\"https:\/\/sovistourecuador.com\/wp-content\/uploads\/2024\/02\/WhatsApp-Image-2024-01-03-at-11.46.14-AM.jpeg\" target=\"_blank\" data-text=\"Nuestra Oferta\">\n            \t    \n                <div class=\"creative-button-inner\">\n\n                    \n                    <span class=\"cretive-button-text\">Voir la visite<\/span>\n\n                                    <\/div>\n\t                        <\/a>\n        <\/div>\n        \t\t\t\t<\/div>\n\t\t\t\t<\/div>\n\t\t\t\t\t<\/div>\n\t\t\t\t<\/div>\n\t\t\t\t\t<\/div>\n\t\t\t\t<\/div>\n\t\t\t\t\t<\/div>\n\t\t\t\t<\/div>\n\t\t<div data-particle_enable=\"false\" data-particle-mobile-disabled=\"false\" class=\"elementor-element elementor-element-3987ff1 e-flex e-con-boxed e-con e-parent\" data-id=\"3987ff1\" data-element_type=\"container\" data-e-type=\"container\" data-settings=\"{&quot;background_background&quot;:&quot;classic&quot;}\">\n\t\t\t\t\t<div class=\"e-con-inner\">\n\t\t<div data-particle_enable=\"false\" data-particle-mobile-disabled=\"false\" class=\"elementor-element elementor-element-af5df15 e-con-full animated-slow e-flex elementor-invisible e-con e-child\" data-id=\"af5df15\" data-element_type=\"container\" data-e-type=\"container\" data-settings=\"{&quot;animation&quot;:&quot;zoomIn&quot;}\">\n\t\t\t\t<div class=\"elementor-element elementor-element-690323f animated-slow heartbeat elementor-widget elementor-widget-image\" data-id=\"690323f\" data-element_type=\"widget\" data-e-type=\"widget\" data-settings=\"{&quot;_animation&quot;:&quot;none&quot;}\" data-widget_type=\"image.default\">\n\t\t\t\t<div class=\"elementor-widget-container\">\n\t\t\t\t\t\t\t\t\t\t\t\t\t\t\t\t<a href=\"https:\/\/api.whatsapp.com\/send?phone=593980825308\" target=\"_blank\">\n\t\t\t\t\t\t\t<img decoding=\"async\" src=\"https:\/\/sovistourecuador.com\/wp-content\/uploads\/elementor\/thumbs\/whatsapp-qt64q6au4k27gpgf3flgudastkfo2f9ia3tt2dvffs.png\" title=\"whatsapp\" alt=\"whatsapp\" loading=\"lazy\" \/>\t\t\t\t\t\t\t\t<\/a>\n\t\t\t\t\t\t\t\t\t\t\t\t\t\t\t<\/div>\n\t\t\t\t<\/div>\n\t\t\t\t<\/div>\n\t\t<a data-particle_enable=\"false\" data-particle-mobile-disabled=\"false\" class=\"elementor-element elementor-element-5960f93 e-con-full grow-effect e-flex e-con e-child\" data-id=\"5960f93\" data-element_type=\"container\" data-e-type=\"container\" data-settings=\"{&quot;animation&quot;:&quot;none&quot;}\" href=\"https:\/\/api.whatsapp.com\/send?phone=593980825308\" target=\"_blank\">\n\t\t\t\t<div class=\"elementor-element elementor-element-352a4a0 animated-slow elementor-invisible elementor-widget elementor-widget-heading\" data-id=\"352a4a0\" data-element_type=\"widget\" data-e-type=\"widget\" data-settings=\"{&quot;_animation&quot;:&quot;fadeInRight&quot;}\" data-widget_type=\"heading.default\">\n\t\t\t\t<div class=\"elementor-widget-container\">\n\t\t\t\t\t<h2 class=\"elementor-heading-title elementor-size-default\">Aimez-vous nos services?<\/h2>\t\t\t\t<\/div>\n\t\t\t\t<\/div>\n\t\t\t\t<div class=\"elementor-element elementor-element-fedc0b2 animated-slow elementor-invisible elementor-widget elementor-widget-heading\" data-id=\"fedc0b2\" data-element_type=\"widget\" data-e-type=\"widget\" data-settings=\"{&quot;_animation&quot;:&quot;fadeInLeft&quot;}\" data-widget_type=\"heading.default\">\n\t\t\t\t<div class=\"elementor-widget-container\">\n\t\t\t\t\t<h2 class=\"elementor-heading-title elementor-size-default\">\u00c9crivez-nous sur WhatsApp et nous vous r\u00e9pondrons imm\u00e9diatement.<\/h2>\t\t\t\t<\/div>\n\t\t\t\t<\/div>\n\t\t\t\t<\/a>\n\t\t\t\t\t<\/div>\n\t\t\t\t<\/div>\n\t\t<div data-particle_enable=\"false\" data-particle-mobile-disabled=\"false\" class=\"elementor-element elementor-element-4eccbaa e-con-full banner e-flex e-con e-parent\" data-id=\"4eccbaa\" data-element_type=\"container\" data-e-type=\"container\" data-settings=\"{&quot;background_background&quot;:&quot;classic&quot;}\">\n\t\t\t\t<div class=\"elementor-element elementor-element-07aaed6 elementor-widget elementor-widget-heading\" data-id=\"07aaed6\" data-element_type=\"widget\" data-e-type=\"widget\" data-widget_type=\"heading.default\">\n\t\t\t\t<div class=\"elementor-widget-container\">\n\t\t\t\t\t<h2 class=\"elementor-heading-title elementor-size-default\">Un voyage de mille kilom\u00e8tres doit commencer par un seul pas<\/h2>\t\t\t\t<\/div>\n\t\t\t\t<\/div>\n\t\t\t\t<\/div>\n\t\t\t\t\t<script>\n\t\t\t\t(function($) {\n                    \"use strict\";\n\n                    var target = $('.elementor-element-4eccbaa');\n                    target.addClass('e-lazyloaded');\n\n                    \n                    var EaelParallaxElement = {\n\n\t\t\t\t\t\tinit: function() {\n\t\t\t\t\t\t\telementorFrontend.hooks.addAction('frontend\/element_ready\/global', EaelParallaxElement.initWidget);\n\t\t\t\t\t\t},\n                        responsiveParallax: function(){\n                            var android = 1,\n                                ios = 1;\n                            switch( true || 1 ){\n                                case android && ios:\n                                    return \/iPad|iPhone|iPod|Android\/;\n                                    break;\n                                case android && ! ios:\n                                    return \/Android\/;\n                                    break;\n                                case ! android && ios:\n                                    return \/iPad|iPhone|iPod\/;\n                                    break;\n                                case ( ! android && ! ios ):\n                                    return null;\n                            }\n                        },\n\t\t\t\t\t\tinitWidget: function( $scope ) {\n\n\t\t\t\t\t\t\ttarget.jarallax({\n\t\t\t\t\t\t\t\ttype: 'scroll-opacity',\n\t\t\t\t\t\t\t\tspeed: 0.1,\n\t\t\t\t\t\t\t\tkeepImg: true,\n                                disableParallax: EaelParallaxElement.responsiveParallax(),\n\t\t\t\t\t\t\t});\n\t\t\t\t\t\t}\n\n\t\t\t\t\t};\n\n\t\t\t\t\t$( window ).on('elementor\/frontend\/init', EaelParallaxElement.init);\n\n                    \t\t\t\t}( jQuery ) );\n\t\t\t<\/script>\n\t\t\t\t<\/div>","protected":false},"excerpt":{"rendered":"<p>Destinos Internacionales Cruceros Ver Tour Ver Tour Ver Tour Ver Tour \u00bfTe Gustan Nuestros Servicios? Escr\u00edbenos por WhatsApp y enseguida te responderemos Un viaje de mil millas ha de comenzar con un simple paso<\/p>","protected":false},"author":1,"featured_media":0,"parent":0,"menu_order":0,"comment_status":"closed","ping_status":"closed","template":"","meta":{"footnotes":""},"class_list":["post-1307","page","type-page","status-publish","hentry"],"_links":{"self":[{"href":"https:\/\/sovistourecuador.com\/fr\/wp-json\/wp\/v2\/pages\/1307","targetHints":{"allow":["GET"]}}],"collection":[{"href":"https:\/\/sovistourecuador.com\/fr\/wp-json\/wp\/v2\/pages"}],"about":[{"href":"https:\/\/sovistourecuador.com\/fr\/wp-json\/wp\/v2\/types\/page"}],"author":[{"embeddable":true,"href":"https:\/\/sovistourecuador.com\/fr\/wp-json\/wp\/v2\/users\/1"}],"replies":[{"embeddable":true,"href":"https:\/\/sovistourecuador.com\/fr\/wp-json\/wp\/v2\/comments?post=1307"}],"version-history":[{"count":0,"href":"https:\/\/sovistourecuador.com\/fr\/wp-json\/wp\/v2\/pages\/1307\/revisions"}],"wp:attachment":[{"href":"https:\/\/sovistourecuador.com\/fr\/wp-json\/wp\/v2\/media?parent=1307"}],"curies":[{"name":"wp","href":"https:\/\/api.w.org\/{rel}","templated":true}]}}