{"id":688,"date":"2024-01-11T20:21:22","date_gmt":"2024-01-11T19:21:22","guid":{"rendered":"https:\/\/sovistourecuador.com\/?page_id=688"},"modified":"2025-07-30T23:41:46","modified_gmt":"2025-07-30T21:41:46","slug":"trenes","status":"publish","type":"page","link":"https:\/\/sovistourecuador.com\/fr\/trenes\/","title":{"rendered":"Trains"},"content":{"rendered":"<div data-elementor-type=\"wp-page\" data-elementor-id=\"688\" class=\"elementor elementor-688\" data-elementor-post-type=\"page\">\n\t\t\t\t<div data-particle_enable=\"false\" data-particle-mobile-disabled=\"false\" class=\"elementor-element elementor-element-23304a8 e-flex e-con-boxed e-con e-parent\" data-id=\"23304a8\" data-element_type=\"container\" data-e-type=\"container\">\n\t\t\t\t\t<div class=\"e-con-inner\">\n\t\t\t\t<div class=\"elementor-element elementor-element-6597bfd elementor-invisible elementor-widget elementor-widget-image\" data-id=\"6597bfd\" data-element_type=\"widget\" data-e-type=\"widget\" data-settings=\"{&quot;_animation&quot;:&quot;fadeInUp&quot;}\" data-widget_type=\"image.default\">\n\t\t\t\t<div class=\"elementor-widget-container\">\n\t\t\t\t\t\t\t\t\t\t\t\t\t\t\t<img decoding=\"async\" src=\"https:\/\/sovistourecuador.com\/wp-content\/uploads\/elementor\/thumbs\/serTrenes-qt64q6avyc806tol7ovj7ttbst2t584b7kgt91stfg.png\" title=\"serTrenes\" alt=\"serTrenes\" loading=\"lazy\" \/>\t\t\t\t\t\t\t\t\t\t\t\t\t\t\t<\/div>\n\t\t\t\t<\/div>\n\t\t\t\t<div class=\"elementor-element elementor-element-921441a eael-dual-header-content-align-center elementor-invisible elementor-widget elementor-widget-eael-dual-color-header\" data-id=\"921441a\" data-element_type=\"widget\" data-e-type=\"widget\" data-settings=\"{&quot;_animation&quot;:&quot;fadeInLeft&quot;}\" data-widget_type=\"eael-dual-color-header.default\">\n\t\t\t\t<div class=\"elementor-widget-container\">\n\t\t\t\t\t\t\t\t<div class=\"eael-dual-header\">\n\t\t\t\t<h2 class=\"title eael-dch-title\"><span class=\"eael-dch-title-text eael-dch-title-lead lead solid-color\">\u00c9quateur<\/span> <span class=\"eael-dch-title-text\">M\u00c9GADIVERSIT\u00c9<\/span><\/h2>\t\t\t\t\t<span class=\"subtext\">Lagune de Quilotoa \u2013 Nez du Diable<\/span>\n\t\t\t\t\t\t\t<\/div>\n\n\t\t\t\t\t\t<\/div>\n\t\t\t\t<\/div>\n\t\t\t\t<div class=\"elementor-element elementor-element-d5dcaf9 animated-slow elementor-invisible elementor-widget elementor-widget-heading\" data-id=\"d5dcaf9\" data-element_type=\"widget\" data-e-type=\"widget\" data-settings=\"{&quot;_animation&quot;:&quot;fadeIn&quot;}\" data-widget_type=\"heading.default\">\n\t\t\t\t<div class=\"elementor-widget-container\">\n\t\t\t\t\t<h2 class=\"elementor-heading-title elementor-size-default\">2 jours \u2013 1 nuit<\/h2>\t\t\t\t<\/div>\n\t\t\t\t<\/div>\n\t\t\t\t\t<\/div>\n\t\t\t\t<\/div>\n\t\t<div data-particle_enable=\"false\" data-particle-mobile-disabled=\"false\" class=\"elementor-element elementor-element-f1e56e8 e-con-full e-flex e-con e-parent\" data-id=\"f1e56e8\" data-element_type=\"container\" data-e-type=\"container\">\n\t\t<div data-particle_enable=\"false\" data-particle-mobile-disabled=\"false\" class=\"elementor-element elementor-element-1b48199 e-con-full e-flex elementor-invisible e-con e-child\" data-id=\"1b48199\" data-element_type=\"container\" data-e-type=\"container\" data-settings=\"{&quot;animation&quot;:&quot;fadeInDown&quot;}\">\n\t\t\t\t<div class=\"elementor-element elementor-element-f47ab83 elementor-widget elementor-widget-image\" data-id=\"f47ab83\" data-element_type=\"widget\" data-e-type=\"widget\" data-widget_type=\"image.default\">\n\t\t\t\t<div class=\"elementor-widget-container\">\n\t\t\t\t\t\t\t\t\t\t\t\t\t\t\t<img fetchpriority=\"high\" decoding=\"async\" width=\"600\" height=\"449\" src=\"https:\/\/sovistourecuador.com\/wp-content\/uploads\/2024\/02\/serTrenes1.jpg\" class=\"attachment-large size-large wp-image-3458\" alt=\"Trenes Servicio 1\" srcset=\"https:\/\/sovistourecuador.com\/wp-content\/uploads\/2024\/02\/serTrenes1.jpg 600w, https:\/\/sovistourecuador.com\/wp-content\/uploads\/2024\/02\/serTrenes1-300x225.jpg 300w, https:\/\/sovistourecuador.com\/wp-content\/uploads\/2024\/02\/serTrenes1-400x300.jpg 400w\" sizes=\"(max-width: 600px) 100vw, 600px\" \/>\t\t\t\t\t\t\t\t\t\t\t\t\t\t\t<\/div>\n\t\t\t\t<\/div>\n\t\t\t\t<div class=\"elementor-element elementor-element-5664453 elementor-invisible elementor-widget elementor-widget-text-editor\" data-id=\"5664453\" data-element_type=\"widget\" data-e-type=\"widget\" data-settings=\"{&quot;_animation&quot;:&quot;fadeInRight&quot;}\" data-widget_type=\"text-editor.default\">\n\t\t\t\t<div class=\"elementor-widget-container\">\n\t\t\t\t\t\t\t\t\t<p><strong>Jour 2.- Alaus\u00ed \u2013 Route du Nez du Diable en train \u2013 Quito<\/strong><br \/>Petit-d\u00e9jeuner. Le matin, d\u00e9part pour la gare d'Alaus\u00ed pour Sibambe via le Nez du Diable. \u00ab Le plus grand obstacle au projet de chemin de fer transandin \u00e9tait le Nez du Diable, une montagne aux parois presque perpendiculaires. Pour le surmonter, une voie en zigzag a \u00e9t\u00e9 construite. Elle franchit une pente de 500 m\u00e8tres en seulement 12 km de mont\u00e9es ou de descentes vertigineuses, et reste aujourd'hui une prouesse d'ing\u00e9nierie impressionnante. Nous d\u00e9couvrirons \u00e9galement le bassin du fleuve Chanch\u00e1n ainsi que les traditions et la vision du monde du peuple Puruhua \u00e0 Sibambe. \u00bb<br \/>D\u00e9jeuner. Retour \u00e0 Quito dans l'apr\u00e8s-midi, arriv\u00e9e pr\u00e9vue \u00e0 19h00.<\/p>\t\t\t\t\t\t\t\t<\/div>\n\t\t\t\t<\/div>\n\t\t\t\t<\/div>\n\t\t<div data-particle_enable=\"false\" data-particle-mobile-disabled=\"false\" class=\"elementor-element elementor-element-0dad690 e-con-full e-flex e-con e-child\" data-id=\"0dad690\" data-element_type=\"container\" data-e-type=\"container\">\n\t\t\t\t<div class=\"elementor-element elementor-element-4650f47 elementor-invisible elementor-widget elementor-widget-text-editor\" data-id=\"4650f47\" data-element_type=\"widget\" data-e-type=\"widget\" data-settings=\"{&quot;_animation&quot;:&quot;fadeInRight&quot;}\" data-widget_type=\"text-editor.default\">\n\t\t\t\t<div class=\"elementor-widget-container\">\n\t\t\t\t\t\t\t\t\t<p><strong>Jour 1.- Quito \u2013 Quilotoa \u2013 Communaut\u00e9 Tigua \u2013 Riobamba<\/strong><br \/>Nous partirons de Quito le matin, en traversant l'Avenue des Volcans, pour rejoindre l'impressionnante lagune volcanique de Quilotoa. En chemin, nous d\u00e9gusterons une collation et visiterons un march\u00e9 indig\u00e8ne proposant une vari\u00e9t\u00e9 de produits locaux. Une fois au point de vue de la lagune, nous entreprendrons une randonn\u00e9e de 45 minutes (descente) \u00e0 1h30 (mont\u00e9e). C'est l'endroit id\u00e9al pour se d\u00e9tendre, profiter d'un paysage unique et immortaliser des souvenirs inoubliables en famille.<\/p><p>D\u00e9jeuner. L'apr\u00e8s-midi, nous visiterons la communaut\u00e9 de Tigua, mondialement connue pour ses peintures repr\u00e9sentant des histoires des Andes \u00e9quatoriennes.<br \/>Nous continuons notre voyage vers Riobamba pour l'h\u00e9bergement, le d\u00eener et un repos bien m\u00e9rit\u00e9.<\/p>\t\t\t\t\t\t\t\t<\/div>\n\t\t\t\t<\/div>\n\t\t\t\t<div class=\"elementor-element elementor-element-8cf048d elementor-widget elementor-widget-image\" data-id=\"8cf048d\" data-element_type=\"widget\" data-e-type=\"widget\" data-widget_type=\"image.default\">\n\t\t\t\t<div class=\"elementor-widget-container\">\n\t\t\t\t\t\t\t\t\t\t\t\t\t\t\t<img decoding=\"async\" width=\"600\" height=\"449\" src=\"https:\/\/sovistourecuador.com\/wp-content\/uploads\/2024\/02\/serTrenes2.jpg\" class=\"attachment-large size-large wp-image-3459\" alt=\"Trenes Servicio 2\" srcset=\"https:\/\/sovistourecuador.com\/wp-content\/uploads\/2024\/02\/serTrenes2.jpg 600w, https:\/\/sovistourecuador.com\/wp-content\/uploads\/2024\/02\/serTrenes2-300x225.jpg 300w, https:\/\/sovistourecuador.com\/wp-content\/uploads\/2024\/02\/serTrenes2-400x300.jpg 400w\" sizes=\"(max-width: 600px) 100vw, 600px\" \/>\t\t\t\t\t\t\t\t\t\t\t\t\t\t\t<\/div>\n\t\t\t\t<\/div>\n\t\t\t\t<div class=\"elementor-element elementor-element-76236e7 elementor-absolute elementor-invisible elementor-widget elementor-widget-image\" data-id=\"76236e7\" data-element_type=\"widget\" data-e-type=\"widget\" data-settings=\"{&quot;_position&quot;:&quot;absolute&quot;,&quot;_animation&quot;:&quot;bounceIn&quot;}\" data-widget_type=\"image.default\">\n\t\t\t\t<div class=\"elementor-widget-container\">\n\t\t\t\t\t\t\t\t\t\t\t\t\t\t\t<img decoding=\"async\" src=\"https:\/\/sovistourecuador.com\/wp-content\/uploads\/elementor\/thumbs\/serTrenes3-qt64q6avceu2m49v69s6fcb5h273gai1kex56ttp74.jpg\" title=\"Trenes Servicio 3\" alt=\"Trenes Servicio 3\" loading=\"lazy\" \/>\t\t\t\t\t\t\t\t\t\t\t\t\t\t\t<\/div>\n\t\t\t\t<\/div>\n\t\t\t\t<\/div>\n\t\t\t\t<\/div>\n\t\t<div data-particle_enable=\"false\" data-particle-mobile-disabled=\"false\" class=\"elementor-element elementor-element-bd8154c e-flex e-con-boxed e-con e-parent\" data-id=\"bd8154c\" data-element_type=\"container\" data-e-type=\"container\">\n\t\t\t\t\t<div class=\"e-con-inner\">\n\t\t<div data-particle_enable=\"false\" data-particle-mobile-disabled=\"false\" class=\"elementor-element elementor-element-cb3ede0 e-flex e-con-boxed e-con e-child\" data-id=\"cb3ede0\" data-element_type=\"container\" data-e-type=\"container\">\n\t\t\t\t\t<div class=\"e-con-inner\">\n\t\t<div data-particle_enable=\"false\" data-particle-mobile-disabled=\"false\" class=\"elementor-element elementor-element-21d74a0 e-flex e-con-boxed elementor-invisible e-con e-child\" data-id=\"21d74a0\" data-element_type=\"container\" data-e-type=\"container\" data-settings=\"{&quot;animation&quot;:&quot;fadeInLeft&quot;}\">\n\t\t\t\t\t<div class=\"e-con-inner\">\n\t\t\t\t<div class=\"elementor-element elementor-element-5c3a2ee elementor-widget elementor-widget-heading\" data-id=\"5c3a2ee\" data-element_type=\"widget\" data-e-type=\"widget\" data-widget_type=\"heading.default\">\n\t\t\t\t<div class=\"elementor-widget-container\">\n\t\t\t\t\t<h2 class=\"elementor-heading-title elementor-size-default\">La visite comprend<\/h2>\t\t\t\t<\/div>\n\t\t\t\t<\/div>\n\t\t\t\t<div class=\"elementor-element elementor-element-db71b7a elementor-widget elementor-widget-text-editor\" data-id=\"db71b7a\" data-element_type=\"widget\" data-e-type=\"widget\" data-widget_type=\"text-editor.default\">\n\t\t\t\t<div class=\"elementor-widget-container\">\n\t\t\t\t\t\t\t\t\t<ul><li>Transport touristique de \u2013 \u00e0 Quito.<\/li><li>H\u00e9bergement dans un h\u00f4tel 4 \u00e9toiles.<\/li><li>Alimentation COMPL\u00c8TE.<\/li><li>Collation en chemin.<\/li><li>Billet pour le train du nez du diable.<\/li><li>Activit\u00e9s et visites d\u00e9crites.<\/li><li>Guide accompagnateur pendant la visite.<\/li><li>Imp\u00f4ts.<\/li><\/ul>\t\t\t\t\t\t\t\t<\/div>\n\t\t\t\t<\/div>\n\t\t\t\t\t<\/div>\n\t\t\t\t<\/div>\n\t\t<div data-particle_enable=\"false\" data-particle-mobile-disabled=\"false\" class=\"elementor-element elementor-element-4683133 e-flex e-con-boxed elementor-invisible e-con e-child\" data-id=\"4683133\" data-element_type=\"container\" data-e-type=\"container\" data-settings=\"{&quot;animation&quot;:&quot;fadeInRight&quot;}\">\n\t\t\t\t\t<div class=\"e-con-inner\">\n\t\t\t\t<div class=\"elementor-element elementor-element-3d300c3 elementor-widget elementor-widget-heading\" data-id=\"3d300c3\" data-element_type=\"widget\" data-e-type=\"widget\" data-widget_type=\"heading.default\">\n\t\t\t\t<div class=\"elementor-widget-container\">\n\t\t\t\t\t<h2 class=\"elementor-heading-title elementor-size-default\">N'inclut pas<\/h2>\t\t\t\t<\/div>\n\t\t\t\t<\/div>\n\t\t\t\t<div class=\"elementor-element elementor-element-4f78ae9 elementor-widget elementor-widget-text-editor\" data-id=\"4f78ae9\" data-element_type=\"widget\" data-e-type=\"widget\" data-widget_type=\"text-editor.default\">\n\t\t\t\t<div class=\"elementor-widget-container\">\n\t\t\t\t\t\t\t\t\t<ul>\n \t<li>Conseils.<\/li>\n \t<li> Boissons et services non d\u00e9crits.<\/li>\n \t\n<\/ul>\t\t\t\t\t\t\t\t<\/div>\n\t\t\t\t<\/div>\n\t\t\t\t<div class=\"elementor-element elementor-element-46eb8d8 elementor-widget elementor-widget-text-editor\" data-id=\"46eb8d8\" data-element_type=\"widget\" data-e-type=\"widget\" data-widget_type=\"text-editor.default\">\n\t\t\t\t<div class=\"elementor-widget-container\">\n\t\t\t\t\t\t\t\t\t<p>Enfants de 2 \u00e0 11 ans 10% de r\u00e9duction, accompagn\u00e9s de 2 adultes.<br \/>L'enfant ne paie pas, il partage tout avec ses parents.<br \/>Promotion valable pour les paiements en esp\u00e8ces.<br \/>Places et tarifs sous r\u00e9serve de disponibilit\u00e9 des trains.<\/p>\t\t\t\t\t\t\t\t<\/div>\n\t\t\t\t<\/div>\n\t\t\t\t\t<\/div>\n\t\t\t\t<\/div>\n\t\t\t\t\t<\/div>\n\t\t\t\t<\/div>\n\t\t\t\t\t<\/div>\n\t\t\t\t<\/div>\n\t\t<div data-particle_enable=\"false\" data-particle-mobile-disabled=\"false\" class=\"elementor-element elementor-element-6279678 e-flex e-con-boxed e-con e-parent\" data-id=\"6279678\" data-element_type=\"container\" data-e-type=\"container\" data-settings=\"{&quot;background_background&quot;:&quot;classic&quot;}\">\n\t\t\t\t\t<div class=\"e-con-inner\">\n\t\t<div data-particle_enable=\"false\" data-particle-mobile-disabled=\"false\" class=\"elementor-element elementor-element-c9fdf46 e-con-full animated-slow e-flex elementor-invisible e-con e-child\" data-id=\"c9fdf46\" data-element_type=\"container\" data-e-type=\"container\" data-settings=\"{&quot;animation&quot;:&quot;zoomIn&quot;}\">\n\t\t\t\t<div class=\"elementor-element elementor-element-982f746 animated-slow heartbeat elementor-widget elementor-widget-image\" data-id=\"982f746\" data-element_type=\"widget\" data-e-type=\"widget\" data-settings=\"{&quot;_animation&quot;:&quot;none&quot;}\" data-widget_type=\"image.default\">\n\t\t\t\t<div class=\"elementor-widget-container\">\n\t\t\t\t\t\t\t\t\t\t\t\t\t\t\t\t<a href=\"https:\/\/api.whatsapp.com\/send?phone=593980825308\" target=\"_blank\">\n\t\t\t\t\t\t\t<img decoding=\"async\" src=\"https:\/\/sovistourecuador.com\/wp-content\/uploads\/elementor\/thumbs\/whatsapp-qt64q6au4k27gpgf3flgudastkfo2f9ia3tt2dvffs.png\" title=\"whatsapp\" alt=\"whatsapp\" loading=\"lazy\" \/>\t\t\t\t\t\t\t\t<\/a>\n\t\t\t\t\t\t\t\t\t\t\t\t\t\t\t<\/div>\n\t\t\t\t<\/div>\n\t\t\t\t<\/div>\n\t\t<a data-particle_enable=\"false\" data-particle-mobile-disabled=\"false\" class=\"elementor-element elementor-element-b8cf53d e-con-full grow-effect e-flex e-con e-child\" data-id=\"b8cf53d\" data-element_type=\"container\" data-e-type=\"container\" data-settings=\"{&quot;animation&quot;:&quot;none&quot;}\" href=\"https:\/\/api.whatsapp.com\/send?phone=593980825308\" target=\"_blank\">\n\t\t\t\t<div class=\"elementor-element elementor-element-36d1ee2 animated-slow elementor-invisible elementor-widget elementor-widget-heading\" data-id=\"36d1ee2\" data-element_type=\"widget\" data-e-type=\"widget\" data-settings=\"{&quot;_animation&quot;:&quot;fadeInRight&quot;}\" data-widget_type=\"heading.default\">\n\t\t\t\t<div class=\"elementor-widget-container\">\n\t\t\t\t\t<h2 class=\"elementor-heading-title elementor-size-default\">Aimez-vous nos services?<\/h2>\t\t\t\t<\/div>\n\t\t\t\t<\/div>\n\t\t\t\t<div class=\"elementor-element elementor-element-ebaa5ac animated-slow elementor-invisible elementor-widget elementor-widget-heading\" data-id=\"ebaa5ac\" data-element_type=\"widget\" data-e-type=\"widget\" data-settings=\"{&quot;_animation&quot;:&quot;fadeInLeft&quot;}\" data-widget_type=\"heading.default\">\n\t\t\t\t<div class=\"elementor-widget-container\">\n\t\t\t\t\t<h2 class=\"elementor-heading-title elementor-size-default\">\u00c9crivez-nous sur WhatsApp et nous vous r\u00e9pondrons imm\u00e9diatement.<\/h2>\t\t\t\t<\/div>\n\t\t\t\t<\/div>\n\t\t\t\t<\/a>\n\t\t\t\t\t<\/div>\n\t\t\t\t<\/div>\n\t\t\t\t<\/div>","protected":false},"excerpt":{"rendered":"<p>ECUADOR MEGADIVERSO Laguna del Quilotoa \u2013 Nariz del Diablo 2 d\u00edas \u2013 1 noche D\u00eda 2.- Alaus\u00ed \u2013 Ruta Nariz del Diablo en Tren \u2013 QuitoDesayuno. En la ma\u00f1ana salida hacia la Estaci\u00f3n del Tren en Alaus\u00ed para realizar nuestro recorrido hacia Sibambe por la Nariz del Diablo. \u201cEl obst\u00e1culo m\u00e1s grande al que se [&hellip;]<\/p>\n","protected":false},"author":1,"featured_media":0,"parent":0,"menu_order":0,"comment_status":"closed","ping_status":"closed","template":"","meta":{"footnotes":""},"class_list":["post-688","page","type-page","status-publish","hentry"],"_links":{"self":[{"href":"https:\/\/sovistourecuador.com\/fr\/wp-json\/wp\/v2\/pages\/688","targetHints":{"allow":["GET"]}}],"collection":[{"href":"https:\/\/sovistourecuador.com\/fr\/wp-json\/wp\/v2\/pages"}],"about":[{"href":"https:\/\/sovistourecuador.com\/fr\/wp-json\/wp\/v2\/types\/page"}],"author":[{"embeddable":true,"href":"https:\/\/sovistourecuador.com\/fr\/wp-json\/wp\/v2\/users\/1"}],"replies":[{"embeddable":true,"href":"https:\/\/sovistourecuador.com\/fr\/wp-json\/wp\/v2\/comments?post=688"}],"version-history":[{"count":0,"href":"https:\/\/sovistourecuador.com\/fr\/wp-json\/wp\/v2\/pages\/688\/revisions"}],"wp:attachment":[{"href":"https:\/\/sovistourecuador.com\/fr\/wp-json\/wp\/v2\/media?parent=688"}],"curies":[{"name":"wp","href":"https:\/\/api.w.org\/{rel}","templated":true}]}}